{"id":151,"date":"2025-05-16T14:33:20","date_gmt":"2025-05-16T12:33:20","guid":{"rendered":"https:\/\/badischer-automobilclub.de\/?page_id=151"},"modified":"2025-06-27T15:20:49","modified_gmt":"2025-06-27T13:20:49","slug":"kontakt","status":"publish","type":"page","link":"https:\/\/badischer-automobilclub.de\/?page_id=151","title":{"rendered":"Kontakt"},"content":{"rendered":"\t\t<div data-elementor-type=\"wp-page\" data-elementor-id=\"151\" class=\"elementor elementor-151\" data-elementor-post-type=\"page\">\n\t\t\t\t<div class=\"elementor-element elementor-element-136d7fb e-con-full e-flex e-con e-parent\" data-id=\"136d7fb\" data-element_type=\"container\" data-e-type=\"container\">\n\t\t<div class=\"elementor-element elementor-element-b8992a5 e-con-full e-flex elementor-invisible e-con e-child\" data-id=\"b8992a5\" data-element_type=\"container\" data-e-type=\"container\" data-settings=\"{&quot;background_background&quot;:&quot;classic&quot;,&quot;animation&quot;:&quot;fadeInLeft&quot;}\">\n\t\t\t\t<\/div>\n\t\t<div class=\"elementor-element elementor-element-6cfd12d e-flex e-con-boxed elementor-invisible e-con e-child\" data-id=\"6cfd12d\" data-element_type=\"container\" data-e-type=\"container\" data-settings=\"{&quot;animation&quot;:&quot;fadeInRight&quot;}\">\n\t\t\t\t\t<div class=\"e-con-inner\">\n\t\t\t\t<div class=\"elementor-element elementor-element-df02f54 elementor-widget elementor-widget-heading\" data-id=\"df02f54\" data-element_type=\"widget\" data-e-type=\"widget\" data-widget_type=\"heading.default\">\n\t\t\t\t<div class=\"elementor-widget-container\">\n\t\t\t\t\t<h3 class=\"elementor-heading-title elementor-size-default\">Kontaktieren Sie uns\n<\/h3>\t\t\t\t<\/div>\n\t\t\t\t<\/div>\n\t\t\t\t<div class=\"elementor-element elementor-element-167e482 elementor-widget elementor-widget-heading\" data-id=\"167e482\" data-element_type=\"widget\" data-e-type=\"widget\" data-widget_type=\"heading.default\">\n\t\t\t\t<div class=\"elementor-widget-container\">\n\t\t\t\t\t<h1 class=\"elementor-heading-title elementor-size-default\">Zusammen f\u00e4hrt sich's einfach <span style=\"color:#C49548\"> <br>sch\u00f6ner <\/span><\/h1>\t\t\t\t<\/div>\n\t\t\t\t<\/div>\n\t\t\t\t<div class=\"elementor-element elementor-element-4974035 elementor-widget-divider--view-line elementor-widget elementor-widget-divider\" data-id=\"4974035\" data-element_type=\"widget\" data-e-type=\"widget\" data-widget_type=\"divider.default\">\n\t\t\t\t<div class=\"elementor-widget-container\">\n\t\t\t\t\t\t\t<div class=\"elementor-divider\">\n\t\t\t<span class=\"elementor-divider-separator\">\n\t\t\t\t\t\t<\/span>\n\t\t<\/div>\n\t\t\t\t\t\t<\/div>\n\t\t\t\t<\/div>\n\t\t<div class=\"elementor-element elementor-element-0cee86a e-con-full e-flex e-con e-child\" data-id=\"0cee86a\" data-element_type=\"container\" data-e-type=\"container\">\n\t\t<div class=\"elementor-element elementor-element-3681c69 e-con-full e-flex e-con e-child\" data-id=\"3681c69\" data-element_type=\"container\" data-e-type=\"container\">\n\t\t\t\t<div class=\"elementor-element elementor-element-ed15500 elementor-widget elementor-widget-text-editor\" data-id=\"ed15500\" data-element_type=\"widget\" data-e-type=\"widget\" data-widget_type=\"text-editor.default\">\n\t\t\t\t<div class=\"elementor-widget-container\">\n\t\t\t\t\t\t\t\t\t<div class=\"contact-row\">Tel:<\/div><div class=\"contact-row\">E-Mail:<\/div>\t\t\t\t\t\t\t\t<\/div>\n\t\t\t\t<\/div>\n\t\t\t\t<\/div>\n\t\t<div class=\"elementor-element elementor-element-10b2524 e-con-full e-flex e-con e-child\" data-id=\"10b2524\" data-element_type=\"container\" data-e-type=\"container\">\n\t\t\t\t<div class=\"elementor-element elementor-element-1617345 elementor-widget elementor-widget-text-editor\" data-id=\"1617345\" data-element_type=\"widget\" data-e-type=\"widget\" data-widget_type=\"text-editor.default\">\n\t\t\t\t<div class=\"elementor-widget-container\">\n\t\t\t\t\t\t\t\t\t<div class=\"contact-row\"><a href=\"tel:+490724331807\">+49 (0) 7243 31807<\/a><\/div><div class=\"contact-row\"><a href=\"mailto:gs@badischer-automobilclub.de\">gs@badischer-automobilclub.de<\/a><\/div>\t\t\t\t\t\t\t\t<\/div>\n\t\t\t\t<\/div>\n\t\t\t\t<\/div>\n\t\t\t\t<\/div>\n\t\t\t\t<div class=\"elementor-element elementor-element-d3e5510 elementor-button-align-stretch elementor-widget elementor-widget-form\" data-id=\"d3e5510\" data-element_type=\"widget\" data-e-type=\"widget\" data-settings=\"{&quot;button_width&quot;:&quot;25&quot;,&quot;step_next_label&quot;:&quot;N\\u00e4chster&quot;,&quot;step_previous_label&quot;:&quot;Voriger&quot;,&quot;step_type&quot;:&quot;number_text&quot;,&quot;step_icon_shape&quot;:&quot;circle&quot;}\" data-widget_type=\"form.default\">\n\t\t\t\t<div class=\"elementor-widget-container\">\n\t\t\t\t\t\t\t<form class=\"elementor-form\" method=\"post\" name=\"Kontaktformular\" aria-label=\"Kontaktformular\">\n\t\t\t<input type=\"hidden\" name=\"post_id\" value=\"151\"\/>\n\t\t\t<input type=\"hidden\" name=\"form_id\" value=\"d3e5510\"\/>\n\t\t\t<input type=\"hidden\" name=\"referer_title\" value=\"Kontakt &#8211; Badischer Automobilclub im AvD e.V.\" \/>\n\n\t\t\t\t\t\t\t<input type=\"hidden\" name=\"queried_id\" value=\"151\"\/>\n\t\t\t\n\t\t\t<div class=\"elementor-form-fields-wrapper elementor-labels-\">\n\t\t\t\t\t\t\t\t<div class=\"elementor-field-type-text elementor-field-group elementor-column elementor-field-group-name elementor-col-50 elementor-field-required\">\n\t\t\t\t\t\t\t\t\t\t\t\t<label for=\"form-field-name\" class=\"elementor-field-label elementor-screen-only\">\n\t\t\t\t\t\t\t\tName\t\t\t\t\t\t\t<\/label>\n\t\t\t\t\t\t\t\t\t\t\t\t\t\t<input size=\"1\" type=\"text\" name=\"form_fields[name]\" id=\"form-field-name\" class=\"elementor-field elementor-size-sm  elementor-field-textual\" placeholder=\"Name ...\" required=\"required\">\n\t\t\t\t\t\t\t\t\t\t\t<\/div>\n\t\t\t\t\t\t\t\t<div class=\"elementor-field-type-text elementor-field-group elementor-column elementor-field-group-nachname elementor-col-50 elementor-field-required\">\n\t\t\t\t\t\t\t\t\t\t\t\t<label for=\"form-field-nachname\" class=\"elementor-field-label elementor-screen-only\">\n\t\t\t\t\t\t\t\tNachname\t\t\t\t\t\t\t<\/label>\n\t\t\t\t\t\t\t\t\t\t\t\t\t\t<input size=\"1\" type=\"text\" name=\"form_fields[nachname]\" id=\"form-field-nachname\" class=\"elementor-field elementor-size-sm  elementor-field-textual\" placeholder=\"Nachname ...\" required=\"required\">\n\t\t\t\t\t\t\t\t\t\t\t<\/div>\n\t\t\t\t\t\t\t\t<div class=\"elementor-field-type-email elementor-field-group elementor-column elementor-field-group-emailanfrage elementor-col-50 elementor-field-required\">\n\t\t\t\t\t\t\t\t\t\t\t\t<label for=\"form-field-emailanfrage\" class=\"elementor-field-label elementor-screen-only\">\n\t\t\t\t\t\t\t\tE-Mail\t\t\t\t\t\t\t<\/label>\n\t\t\t\t\t\t\t\t\t\t\t\t\t\t<input size=\"1\" type=\"email\" name=\"form_fields[emailanfrage]\" id=\"form-field-emailanfrage\" class=\"elementor-field elementor-size-sm  elementor-field-textual\" placeholder=\"E-Mail ...\" required=\"required\">\n\t\t\t\t\t\t\t\t\t\t\t<\/div>\n\t\t\t\t\t\t\t\t<div class=\"elementor-field-type-text elementor-field-group elementor-column elementor-field-group-field_1ecfcb9 elementor-col-50\">\n\t\t\t\t\t\t\t\t\t\t\t\t<label for=\"form-field-field_1ecfcb9\" class=\"elementor-field-label elementor-screen-only\">\n\t\t\t\t\t\t\t\tBetreff\t\t\t\t\t\t\t<\/label>\n\t\t\t\t\t\t\t\t\t\t\t\t\t\t<input size=\"1\" type=\"text\" name=\"form_fields[field_1ecfcb9]\" id=\"form-field-field_1ecfcb9\" class=\"elementor-field elementor-size-sm  elementor-field-textual\" placeholder=\"Betreff ...\">\n\t\t\t\t\t\t\t\t\t\t\t<\/div>\n\t\t\t\t\t\t\t\t<div class=\"elementor-field-type-textarea elementor-field-group elementor-column elementor-field-group-message elementor-col-100 elementor-field-required\">\n\t\t\t\t\t\t\t\t\t\t\t\t<label for=\"form-field-message\" class=\"elementor-field-label elementor-screen-only\">\n\t\t\t\t\t\t\t\tNachricht\t\t\t\t\t\t\t<\/label>\n\t\t\t\t\t\t<textarea class=\"elementor-field-textual elementor-field  elementor-size-sm\" name=\"form_fields[message]\" id=\"form-field-message\" rows=\"4\" placeholder=\"Nachricht\" required=\"required\"><\/textarea>\t\t\t\t<\/div>\n\t\t\t\t\t\t\t\t<div class=\"elementor-field-type-acceptance elementor-field-group elementor-column elementor-field-group-field_0edf7da elementor-col-100 elementor-field-required\">\n\t\t\t\t\t\t\t\t\t\t\t\t<label for=\"form-field-field_0edf7da\" class=\"elementor-field-label elementor-screen-only\">\n\t\t\t\t\t\t\t\tDatenschutz\t\t\t\t\t\t\t<\/label>\n\t\t\t\t\t\t\t\t<div class=\"elementor-field-subgroup\">\n\t\t\t<span class=\"elementor-field-option\">\n\t\t\t\t<input type=\"checkbox\" name=\"form_fields[field_0edf7da]\" id=\"form-field-field_0edf7da\" class=\"elementor-field elementor-size-sm  elementor-acceptance-field\" required=\"required\">\n\t\t\t\t<label for=\"form-field-field_0edf7da\">Mit dem Absenden dieses Formulars erkl\u00e4ren Sie sich mit der Speicherung Ihrer Daten gem\u00e4\u00df unserer <a href=\"https:\/\/badischer-automobilclub.de\/datenschutz\/\">Datenschutzerkl\u00e4rung<\/a> einverstanden.<\/label>\t\t\t<\/span>\n\t\t<\/div>\n\t\t\t\t\t\t<\/div>\n\t\t\t\t\t\t\t\t<div class=\"elementor-field-type-text\">\n\t\t\t\t\t<input size=\"1\" type=\"text\" name=\"form_fields[honeypot]\" id=\"form-field-honeypot\" class=\"elementor-field elementor-size-sm \" style=\"display:none !important;\">\t\t\t\t<\/div>\n\t\t\t\t\t\t\t\t<div class=\"elementor-field-type-recaptcha_v3 elementor-field-group elementor-column elementor-field-group-field_1dd9488 elementor-col-100 recaptcha_v3-bottomright\">\n\t\t\t\t\t<div class=\"elementor-field\" id=\"form-field-field_1dd9488\"><div class=\"elementor-g-recaptcha\" data-sitekey=\"6Le7Wm8rAAAAAJQjMeg4YC5pabCCT1782uMHSim9\" data-type=\"v3\" data-action=\"Form\" data-badge=\"bottomright\" data-size=\"invisible\"><\/div><\/div>\t\t\t\t<\/div>\n\t\t\t\t\t\t\t\t<div class=\"elementor-field-group elementor-column elementor-field-type-submit elementor-col-25 e-form__buttons\">\n\t\t\t\t\t<button class=\"elementor-button elementor-size-sm\" type=\"submit\">\n\t\t\t\t\t\t<span class=\"elementor-button-content-wrapper\">\n\t\t\t\t\t\t\t\t\t\t\t\t\t\t\t\t\t\t\t\t\t\t<span class=\"elementor-button-text\">Senden &gt;<\/span>\n\t\t\t\t\t\t\t\t\t\t\t\t\t<\/span>\n\t\t\t\t\t<\/button>\n\t\t\t\t<\/div>\n\t\t\t<\/div>\n\t\t<\/form>\n\t\t\t\t\t\t<\/div>\n\t\t\t\t<\/div>\n\t\t\t\t\t<\/div>\n\t\t\t\t<\/div>\n\t\t\t\t<\/div>\n\t\t\t\t<\/div>\n\t\t","protected":false},"excerpt":{"rendered":"<p>Kontaktieren Sie uns Zusammen f\u00e4hrt sich&#8217;s einfach sch\u00f6ner Tel:E-Mail:+49 (0) 7243 31807gs@badischer-automobilclub.de<\/p>\n","protected":false},"author":1,"featured_media":0,"parent":0,"menu_order":40,"comment_status":"closed","ping_status":"closed","template":"elementor_header_footer","meta":{"footnotes":""},"class_list":["post-151","page","type-page","status-publish","hentry"],"yoast_head":"<!-- This site is optimized with the Yoast SEO plugin v27.3 - https:\/\/yoast.com\/product\/yoast-seo-wordpress\/ -->\n<title>Kontakt &#8211; Badischer Automobilclub im AvD e.V.<\/title>\n<meta name=\"robots\" content=\"index, follow, max-snippet:-1, max-image-preview:large, max-video-preview:-1\" \/>\n<link rel=\"canonical\" href=\"https:\/\/badischer-automobilclub.de\/?page_id=151\" \/>\n<meta property=\"og:locale\" content=\"de_DE\" \/>\n<meta property=\"og:type\" content=\"article\" \/>\n<meta property=\"og:title\" content=\"Kontakt &#8211; Badischer Automobilclub im AvD e.V.\" \/>\n<meta property=\"og:description\" content=\"Kontaktieren Sie uns Zusammen f\u00e4hrt sich&#8217;s einfach sch\u00f6ner Tel:E-Mail:+49 (0) 7243 31807gs@badischer-automobilclub.de\" \/>\n<meta property=\"og:url\" content=\"https:\/\/badischer-automobilclub.de\/?page_id=151\" \/>\n<meta property=\"og:site_name\" content=\"Badischer Automobilclub im AvD e.V.\" \/>\n<meta property=\"article:modified_time\" content=\"2025-06-27T13:20:49+00:00\" \/>\n<meta name=\"twitter:card\" content=\"summary_large_image\" \/>\n<meta name=\"twitter:label1\" content=\"Gesch\u00e4tzte Lesezeit\" \/>\n\t<meta name=\"twitter:data1\" content=\"1\u00a0Minute\" \/>\n<script type=\"application\/ld+json\" class=\"yoast-schema-graph\">{\"@context\":\"https:\\\/\\\/schema.org\",\"@graph\":[{\"@type\":\"WebPage\",\"@id\":\"https:\\\/\\\/badischer-automobilclub.de\\\/?page_id=151\",\"url\":\"https:\\\/\\\/badischer-automobilclub.de\\\/?page_id=151\",\"name\":\"Kontakt &#8211; Badischer Automobilclub im AvD e.V.\",\"isPartOf\":{\"@id\":\"https:\\\/\\\/badischer-automobilclub.de\\\/#website\"},\"datePublished\":\"2025-05-16T12:33:20+00:00\",\"dateModified\":\"2025-06-27T13:20:49+00:00\",\"breadcrumb\":{\"@id\":\"https:\\\/\\\/badischer-automobilclub.de\\\/?page_id=151#breadcrumb\"},\"inLanguage\":\"de\",\"potentialAction\":[{\"@type\":\"ReadAction\",\"target\":[\"https:\\\/\\\/badischer-automobilclub.de\\\/?page_id=151\"]}]},{\"@type\":\"BreadcrumbList\",\"@id\":\"https:\\\/\\\/badischer-automobilclub.de\\\/?page_id=151#breadcrumb\",\"itemListElement\":[{\"@type\":\"ListItem\",\"position\":1,\"name\":\"Startseite\",\"item\":\"https:\\\/\\\/badischer-automobilclub.de\\\/\"},{\"@type\":\"ListItem\",\"position\":2,\"name\":\"Kontakt\"}]},{\"@type\":\"WebSite\",\"@id\":\"https:\\\/\\\/badischer-automobilclub.de\\\/#website\",\"url\":\"https:\\\/\\\/badischer-automobilclub.de\\\/\",\"name\":\"Badischer Automobilclub im AvD e.V.\",\"description\":\"in Karlsruhe und Umgebung\",\"publisher\":{\"@id\":\"https:\\\/\\\/badischer-automobilclub.de\\\/#organization\"},\"alternateName\":\"Badischer Automobilclub\",\"potentialAction\":[{\"@type\":\"SearchAction\",\"target\":{\"@type\":\"EntryPoint\",\"urlTemplate\":\"https:\\\/\\\/badischer-automobilclub.de\\\/?s={search_term_string}\"},\"query-input\":{\"@type\":\"PropertyValueSpecification\",\"valueRequired\":true,\"valueName\":\"search_term_string\"}}],\"inLanguage\":\"de\"},{\"@type\":\"Organization\",\"@id\":\"https:\\\/\\\/badischer-automobilclub.de\\\/#organization\",\"name\":\"Badischer Automobilclub im AvD e.V.\",\"alternateName\":\"Badischer Automobilclub\",\"url\":\"https:\\\/\\\/badischer-automobilclub.de\\\/\",\"logo\":{\"@type\":\"ImageObject\",\"inLanguage\":\"de\",\"@id\":\"https:\\\/\\\/badischer-automobilclub.de\\\/#\\\/schema\\\/logo\\\/image\\\/\",\"url\":\"https:\\\/\\\/badischer-automobilclub.de\\\/wp-content\\\/uploads\\\/2025\\\/03\\\/BAC-RGB.svg\",\"contentUrl\":\"https:\\\/\\\/badischer-automobilclub.de\\\/wp-content\\\/uploads\\\/2025\\\/03\\\/BAC-RGB.svg\",\"width\":264,\"height\":263,\"caption\":\"Badischer Automobilclub im AvD e.V.\"},\"image\":{\"@id\":\"https:\\\/\\\/badischer-automobilclub.de\\\/#\\\/schema\\\/logo\\\/image\\\/\"}}]}<\/script>\n<!-- \/ Yoast SEO plugin. -->","yoast_head_json":{"title":"Kontakt &#8211; Badischer Automobilclub im AvD e.V.","robots":{"index":"index","follow":"follow","max-snippet":"max-snippet:-1","max-image-preview":"max-image-preview:large","max-video-preview":"max-video-preview:-1"},"canonical":"https:\/\/badischer-automobilclub.de\/?page_id=151","og_locale":"de_DE","og_type":"article","og_title":"Kontakt &#8211; Badischer Automobilclub im AvD e.V.","og_description":"Kontaktieren Sie uns Zusammen f\u00e4hrt sich&#8217;s einfach sch\u00f6ner Tel:E-Mail:+49 (0) 7243 31807gs@badischer-automobilclub.de","og_url":"https:\/\/badischer-automobilclub.de\/?page_id=151","og_site_name":"Badischer Automobilclub im AvD e.V.","article_modified_time":"2025-06-27T13:20:49+00:00","twitter_card":"summary_large_image","twitter_misc":{"Gesch\u00e4tzte Lesezeit":"1\u00a0Minute"},"schema":{"@context":"https:\/\/schema.org","@graph":[{"@type":"WebPage","@id":"https:\/\/badischer-automobilclub.de\/?page_id=151","url":"https:\/\/badischer-automobilclub.de\/?page_id=151","name":"Kontakt &#8211; Badischer Automobilclub im AvD e.V.","isPartOf":{"@id":"https:\/\/badischer-automobilclub.de\/#website"},"datePublished":"2025-05-16T12:33:20+00:00","dateModified":"2025-06-27T13:20:49+00:00","breadcrumb":{"@id":"https:\/\/badischer-automobilclub.de\/?page_id=151#breadcrumb"},"inLanguage":"de","potentialAction":[{"@type":"ReadAction","target":["https:\/\/badischer-automobilclub.de\/?page_id=151"]}]},{"@type":"BreadcrumbList","@id":"https:\/\/badischer-automobilclub.de\/?page_id=151#breadcrumb","itemListElement":[{"@type":"ListItem","position":1,"name":"Startseite","item":"https:\/\/badischer-automobilclub.de\/"},{"@type":"ListItem","position":2,"name":"Kontakt"}]},{"@type":"WebSite","@id":"https:\/\/badischer-automobilclub.de\/#website","url":"https:\/\/badischer-automobilclub.de\/","name":"Badischer Automobilclub im AvD e.V.","description":"in Karlsruhe und Umgebung","publisher":{"@id":"https:\/\/badischer-automobilclub.de\/#organization"},"alternateName":"Badischer Automobilclub","potentialAction":[{"@type":"SearchAction","target":{"@type":"EntryPoint","urlTemplate":"https:\/\/badischer-automobilclub.de\/?s={search_term_string}"},"query-input":{"@type":"PropertyValueSpecification","valueRequired":true,"valueName":"search_term_string"}}],"inLanguage":"de"},{"@type":"Organization","@id":"https:\/\/badischer-automobilclub.de\/#organization","name":"Badischer Automobilclub im AvD e.V.","alternateName":"Badischer Automobilclub","url":"https:\/\/badischer-automobilclub.de\/","logo":{"@type":"ImageObject","inLanguage":"de","@id":"https:\/\/badischer-automobilclub.de\/#\/schema\/logo\/image\/","url":"https:\/\/badischer-automobilclub.de\/wp-content\/uploads\/2025\/03\/BAC-RGB.svg","contentUrl":"https:\/\/badischer-automobilclub.de\/wp-content\/uploads\/2025\/03\/BAC-RGB.svg","width":264,"height":263,"caption":"Badischer Automobilclub im AvD e.V."},"image":{"@id":"https:\/\/badischer-automobilclub.de\/#\/schema\/logo\/image\/"}}]}},"_links":{"self":[{"href":"https:\/\/badischer-automobilclub.de\/index.php?rest_route=\/wp\/v2\/pages\/151","targetHints":{"allow":["GET"]}}],"collection":[{"href":"https:\/\/badischer-automobilclub.de\/index.php?rest_route=\/wp\/v2\/pages"}],"about":[{"href":"https:\/\/badischer-automobilclub.de\/index.php?rest_route=\/wp\/v2\/types\/page"}],"author":[{"embeddable":true,"href":"https:\/\/badischer-automobilclub.de\/index.php?rest_route=\/wp\/v2\/users\/1"}],"replies":[{"embeddable":true,"href":"https:\/\/badischer-automobilclub.de\/index.php?rest_route=%2Fwp%2Fv2%2Fcomments&post=151"}],"version-history":[{"count":64,"href":"https:\/\/badischer-automobilclub.de\/index.php?rest_route=\/wp\/v2\/pages\/151\/revisions"}],"predecessor-version":[{"id":649,"href":"https:\/\/badischer-automobilclub.de\/index.php?rest_route=\/wp\/v2\/pages\/151\/revisions\/649"}],"wp:attachment":[{"href":"https:\/\/badischer-automobilclub.de\/index.php?rest_route=%2Fwp%2Fv2%2Fmedia&parent=151"}],"curies":[{"name":"wp","href":"https:\/\/api.w.org\/{rel}","templated":true}]}}