{"id":155,"date":"2025-05-16T14:34:01","date_gmt":"2025-05-16T12:34:01","guid":{"rendered":"https:\/\/badischer-automobilclub.de\/?page_id=155"},"modified":"2026-03-03T15:35:05","modified_gmt":"2026-03-03T14:35:05","slug":"vorstand","status":"publish","type":"page","link":"https:\/\/badischer-automobilclub.de\/?page_id=155","title":{"rendered":"Vorstand"},"content":{"rendered":"\t\t<div data-elementor-type=\"wp-page\" data-elementor-id=\"155\" class=\"elementor elementor-155\" data-elementor-post-type=\"page\">\n\t\t\t\t<div class=\"elementor-element elementor-element-1bc9fc1 e-flex e-con-boxed e-con e-parent\" data-id=\"1bc9fc1\" data-element_type=\"container\" data-e-type=\"container\">\n\t\t\t\t\t<div class=\"e-con-inner\">\n\t\t<div class=\"elementor-element elementor-element-f1f3e2f e-con-full e-flex e-con e-child\" data-id=\"f1f3e2f\" data-element_type=\"container\" data-e-type=\"container\">\n\t\t\t\t<div class=\"elementor-element elementor-element-84dd70d elementor-widget elementor-widget-heading\" data-id=\"84dd70d\" data-element_type=\"widget\" data-e-type=\"widget\" data-widget_type=\"heading.default\">\n\t\t\t\t<div class=\"elementor-widget-container\">\n\t\t\t\t\t<h1 class=\"elementor-heading-title elementor-size-default\">Der <span style=\"color:#C49548\">Vorstand<\/span><\/h1>\t\t\t\t<\/div>\n\t\t\t\t<\/div>\n\t\t\t\t<div class=\"elementor-element elementor-element-7c43134 elementor-widget elementor-widget-text-editor\" data-id=\"7c43134\" data-element_type=\"widget\" data-e-type=\"widget\" data-widget_type=\"text-editor.default\">\n\t\t\t\t<div class=\"elementor-widget-container\">\n\t\t\t\t\t\t\t\t\t<p>Auf dieser Seite finden Sie alle aktuellen Vorstandsmitglieder des BAC.<br \/>Kontaktieren oder besuchen Sie uns auf einem unserer Events.<\/p><p><strong>Wir freuen uns auf Sie!<\/strong><\/p>\t\t\t\t\t\t\t\t<\/div>\n\t\t\t\t<\/div>\n\t\t\t\t<\/div>\n\t\t<div class=\"elementor-element elementor-element-35eea63 e-con-full e-flex e-con e-child\" data-id=\"35eea63\" data-element_type=\"container\" data-e-type=\"container\">\n\t\t<div class=\"elementor-element elementor-element-a33c0e6 e-con-full e-flex e-con e-child\" data-id=\"a33c0e6\" data-element_type=\"container\" data-e-type=\"container\">\n\t\t<div class=\"elementor-element elementor-element-f922271 e-con-full e-flex e-con e-child\" data-id=\"f922271\" data-element_type=\"container\" data-e-type=\"container\">\n\t\t\t\t<div class=\"elementor-element elementor-element-e754249 elementor-widget elementor-widget-image\" data-id=\"e754249\" data-element_type=\"widget\" data-e-type=\"widget\" data-widget_type=\"image.default\">\n\t\t\t\t<div class=\"elementor-widget-container\">\n\t\t\t\t\t\t\t\t\t\t\t\t\t\t\t<img fetchpriority=\"high\" decoding=\"async\" width=\"703\" height=\"1024\" src=\"https:\/\/badischer-automobilclub.de\/wp-content\/uploads\/2025\/05\/Gerd-Stracke-scaled-1-703x1024.jpg\" class=\"attachment-large size-large wp-image-211\" alt=\"\" srcset=\"https:\/\/badischer-automobilclub.de\/wp-content\/uploads\/2025\/05\/Gerd-Stracke-scaled-1-703x1024.jpg 703w, https:\/\/badischer-automobilclub.de\/wp-content\/uploads\/2025\/05\/Gerd-Stracke-scaled-1-206x300.jpg 206w, https:\/\/badischer-automobilclub.de\/wp-content\/uploads\/2025\/05\/Gerd-Stracke-scaled-1-768x1118.jpg 768w, https:\/\/badischer-automobilclub.de\/wp-content\/uploads\/2025\/05\/Gerd-Stracke-scaled-1-1055x1536.jpg 1055w, https:\/\/badischer-automobilclub.de\/wp-content\/uploads\/2025\/05\/Gerd-Stracke-scaled-1-1406x2048.jpg 1406w, https:\/\/badischer-automobilclub.de\/wp-content\/uploads\/2025\/05\/Gerd-Stracke-scaled-1.jpg 1758w\" sizes=\"(max-width: 703px) 100vw, 703px\" \/>\t\t\t\t\t\t\t\t\t\t\t\t\t\t\t<\/div>\n\t\t\t\t<\/div>\n\t\t\t\t<\/div>\n\t\t<div class=\"elementor-element elementor-element-b241dc4 e-con-full e-flex e-con e-child\" data-id=\"b241dc4\" data-element_type=\"container\" data-e-type=\"container\">\n\t\t\t\t<div class=\"elementor-element elementor-element-81b2253 elementor-widget elementor-widget-heading\" data-id=\"81b2253\" data-element_type=\"widget\" data-e-type=\"widget\" data-widget_type=\"heading.default\">\n\t\t\t\t<div class=\"elementor-widget-container\">\n\t\t\t\t\t<h4 class=\"elementor-heading-title elementor-size-default\">Gerd Stracke<\/h4>\t\t\t\t<\/div>\n\t\t\t\t<\/div>\n\t\t\t\t<div class=\"elementor-element elementor-element-573280b elementor-widget elementor-widget-heading\" data-id=\"573280b\" data-element_type=\"widget\" data-e-type=\"widget\" data-widget_type=\"heading.default\">\n\t\t\t\t<div class=\"elementor-widget-container\">\n\t\t\t\t\t<p class=\"elementor-heading-title elementor-size-default\">Vorsitzender<\/p>\t\t\t\t<\/div>\n\t\t\t\t<\/div>\n\t\t\t\t<\/div>\n\t\t\t\t<\/div>\n\t\t<div class=\"elementor-element elementor-element-7e069e3 e-con-full e-flex e-con e-child\" data-id=\"7e069e3\" data-element_type=\"container\" data-e-type=\"container\">\n\t\t<div class=\"elementor-element elementor-element-afbe5a4 e-con-full e-flex e-con e-child\" data-id=\"afbe5a4\" data-element_type=\"container\" data-e-type=\"container\">\n\t\t\t\t<div class=\"elementor-element elementor-element-069027a elementor-widget elementor-widget-image\" data-id=\"069027a\" data-element_type=\"widget\" data-e-type=\"widget\" data-widget_type=\"image.default\">\n\t\t\t\t<div class=\"elementor-widget-container\">\n\t\t\t\t\t\t\t\t\t\t\t\t\t\t\t<img decoding=\"async\" width=\"703\" height=\"1024\" src=\"https:\/\/badischer-automobilclub.de\/wp-content\/uploads\/2025\/05\/Oliver-Koehler-scaled-1-703x1024.jpg\" class=\"attachment-large size-large wp-image-213\" alt=\"\" srcset=\"https:\/\/badischer-automobilclub.de\/wp-content\/uploads\/2025\/05\/Oliver-Koehler-scaled-1-703x1024.jpg 703w, https:\/\/badischer-automobilclub.de\/wp-content\/uploads\/2025\/05\/Oliver-Koehler-scaled-1-206x300.jpg 206w, https:\/\/badischer-automobilclub.de\/wp-content\/uploads\/2025\/05\/Oliver-Koehler-scaled-1-768x1118.jpg 768w, https:\/\/badischer-automobilclub.de\/wp-content\/uploads\/2025\/05\/Oliver-Koehler-scaled-1-1055x1536.jpg 1055w, https:\/\/badischer-automobilclub.de\/wp-content\/uploads\/2025\/05\/Oliver-Koehler-scaled-1-1406x2048.jpg 1406w, https:\/\/badischer-automobilclub.de\/wp-content\/uploads\/2025\/05\/Oliver-Koehler-scaled-1.jpg 1758w\" sizes=\"(max-width: 703px) 100vw, 703px\" \/>\t\t\t\t\t\t\t\t\t\t\t\t\t\t\t<\/div>\n\t\t\t\t<\/div>\n\t\t\t\t<\/div>\n\t\t<div class=\"elementor-element elementor-element-370e553 e-con-full e-flex e-con e-child\" data-id=\"370e553\" data-element_type=\"container\" data-e-type=\"container\">\n\t\t\t\t<div class=\"elementor-element elementor-element-e657c3a elementor-widget elementor-widget-heading\" data-id=\"e657c3a\" data-element_type=\"widget\" data-e-type=\"widget\" data-widget_type=\"heading.default\">\n\t\t\t\t<div class=\"elementor-widget-container\">\n\t\t\t\t\t<h4 class=\"elementor-heading-title elementor-size-default\">Oliver K\u00f6hler <\/h4>\t\t\t\t<\/div>\n\t\t\t\t<\/div>\n\t\t\t\t<div class=\"elementor-element elementor-element-e152d26 elementor-widget elementor-widget-heading\" data-id=\"e152d26\" data-element_type=\"widget\" data-e-type=\"widget\" data-widget_type=\"heading.default\">\n\t\t\t\t<div class=\"elementor-widget-container\">\n\t\t\t\t\t<p class=\"elementor-heading-title elementor-size-default\">stellv. Vorsitzender &amp; Schatzmeister<\/p>\t\t\t\t<\/div>\n\t\t\t\t<\/div>\n\t\t\t\t<\/div>\n\t\t\t\t<\/div>\n\t\t<div class=\"elementor-element elementor-element-a957426 e-con-full e-flex e-con e-child\" data-id=\"a957426\" data-element_type=\"container\" data-e-type=\"container\">\n\t\t<div class=\"elementor-element elementor-element-30b851c e-con-full e-flex e-con e-child\" data-id=\"30b851c\" data-element_type=\"container\" data-e-type=\"container\">\n\t\t\t\t<div class=\"elementor-element elementor-element-ed90a4e elementor-widget elementor-widget-image\" data-id=\"ed90a4e\" data-element_type=\"widget\" data-e-type=\"widget\" data-widget_type=\"image.default\">\n\t\t\t\t<div class=\"elementor-widget-container\">\n\t\t\t\t\t\t\t\t\t\t\t\t\t\t\t<img decoding=\"async\" width=\"500\" height=\"735\" src=\"https:\/\/badischer-automobilclub.de\/wp-content\/uploads\/2026\/03\/badischer-automobilclub.jpg\" class=\"attachment-large size-large wp-image-728\" alt=\"\" srcset=\"https:\/\/badischer-automobilclub.de\/wp-content\/uploads\/2026\/03\/badischer-automobilclub.jpg 500w, https:\/\/badischer-automobilclub.de\/wp-content\/uploads\/2026\/03\/badischer-automobilclub-204x300.jpg 204w\" sizes=\"(max-width: 500px) 100vw, 500px\" \/>\t\t\t\t\t\t\t\t\t\t\t\t\t\t\t<\/div>\n\t\t\t\t<\/div>\n\t\t\t\t<\/div>\n\t\t<div class=\"elementor-element elementor-element-e6e4be7 e-con-full e-flex e-con e-child\" data-id=\"e6e4be7\" data-element_type=\"container\" data-e-type=\"container\">\n\t\t\t\t<div class=\"elementor-element elementor-element-dd8e51a elementor-widget elementor-widget-heading\" data-id=\"dd8e51a\" data-element_type=\"widget\" data-e-type=\"widget\" data-widget_type=\"heading.default\">\n\t\t\t\t<div class=\"elementor-widget-container\">\n\t\t\t\t\t<h4 class=\"elementor-heading-title elementor-size-default\">Dr. Ulrike K\u00f6hler<\/h4>\t\t\t\t<\/div>\n\t\t\t\t<\/div>\n\t\t\t\t<div class=\"elementor-element elementor-element-a64cc53 elementor-widget elementor-widget-heading\" data-id=\"a64cc53\" data-element_type=\"widget\" data-e-type=\"widget\" data-widget_type=\"heading.default\">\n\t\t\t\t<div class=\"elementor-widget-container\">\n\t\t\t\t\t<p class=\"elementor-heading-title elementor-size-default\">Schriftf\u00fchrerin<\/p>\t\t\t\t<\/div>\n\t\t\t\t<\/div>\n\t\t\t\t<\/div>\n\t\t\t\t<\/div>\n\t\t\t\t<\/div>\n\t\t<div class=\"elementor-element elementor-element-6e88859 e-con-full e-flex e-con e-child\" data-id=\"6e88859\" data-element_type=\"container\" data-e-type=\"container\">\n\t\t<div class=\"elementor-element elementor-element-2a96535 e-con-full e-flex e-con e-child\" data-id=\"2a96535\" data-element_type=\"container\" data-e-type=\"container\">\n\t\t<div class=\"elementor-element elementor-element-d0c50b4 e-con-full e-flex e-con e-child\" data-id=\"d0c50b4\" data-element_type=\"container\" data-e-type=\"container\">\n\t\t\t\t<div class=\"elementor-element elementor-element-aa10faa elementor-widget elementor-widget-image\" data-id=\"aa10faa\" data-element_type=\"widget\" data-e-type=\"widget\" data-widget_type=\"image.default\">\n\t\t\t\t<div class=\"elementor-widget-container\">\n\t\t\t\t\t\t\t\t\t\t\t\t\t\t\t<img loading=\"lazy\" decoding=\"async\" width=\"703\" height=\"1024\" src=\"https:\/\/badischer-automobilclub.de\/wp-content\/uploads\/2025\/05\/Maximilian-Koch-scaled-1-703x1024.jpg\" class=\"attachment-large size-large wp-image-212\" alt=\"\" srcset=\"https:\/\/badischer-automobilclub.de\/wp-content\/uploads\/2025\/05\/Maximilian-Koch-scaled-1-703x1024.jpg 703w, https:\/\/badischer-automobilclub.de\/wp-content\/uploads\/2025\/05\/Maximilian-Koch-scaled-1-206x300.jpg 206w, https:\/\/badischer-automobilclub.de\/wp-content\/uploads\/2025\/05\/Maximilian-Koch-scaled-1-768x1118.jpg 768w, https:\/\/badischer-automobilclub.de\/wp-content\/uploads\/2025\/05\/Maximilian-Koch-scaled-1-1055x1536.jpg 1055w, https:\/\/badischer-automobilclub.de\/wp-content\/uploads\/2025\/05\/Maximilian-Koch-scaled-1-1406x2048.jpg 1406w, https:\/\/badischer-automobilclub.de\/wp-content\/uploads\/2025\/05\/Maximilian-Koch-scaled-1.jpg 1758w\" sizes=\"(max-width: 703px) 100vw, 703px\" \/>\t\t\t\t\t\t\t\t\t\t\t\t\t\t\t<\/div>\n\t\t\t\t<\/div>\n\t\t\t\t<\/div>\n\t\t<div class=\"elementor-element elementor-element-024a52f e-con-full e-flex e-con e-child\" data-id=\"024a52f\" data-element_type=\"container\" data-e-type=\"container\">\n\t\t\t\t<div class=\"elementor-element elementor-element-cb67a8c elementor-widget elementor-widget-heading\" data-id=\"cb67a8c\" data-element_type=\"widget\" data-e-type=\"widget\" data-widget_type=\"heading.default\">\n\t\t\t\t<div class=\"elementor-widget-container\">\n\t\t\t\t\t<h4 class=\"elementor-heading-title elementor-size-default\">Maximilian Koch<\/h4>\t\t\t\t<\/div>\n\t\t\t\t<\/div>\n\t\t\t\t<div class=\"elementor-element elementor-element-8b8b358 elementor-widget elementor-widget-heading\" data-id=\"8b8b358\" data-element_type=\"widget\" data-e-type=\"widget\" data-widget_type=\"heading.default\">\n\t\t\t\t<div class=\"elementor-widget-container\">\n\t\t\t\t\t<p class=\"elementor-heading-title elementor-size-default\">Motorsport<\/p>\t\t\t\t<\/div>\n\t\t\t\t<\/div>\n\t\t\t\t<\/div>\n\t\t\t\t<\/div>\n\t\t<div class=\"elementor-element elementor-element-7d38900 e-con-full e-flex e-con e-child\" data-id=\"7d38900\" data-element_type=\"container\" data-e-type=\"container\">\n\t\t<div class=\"elementor-element elementor-element-f5230a0 e-con-full e-flex e-con e-child\" data-id=\"f5230a0\" data-element_type=\"container\" data-e-type=\"container\">\n\t\t\t\t<div class=\"elementor-element elementor-element-1d41dd2 elementor-widget elementor-widget-image\" data-id=\"1d41dd2\" data-element_type=\"widget\" data-e-type=\"widget\" data-widget_type=\"image.default\">\n\t\t\t\t<div class=\"elementor-widget-container\">\n\t\t\t\t\t\t\t\t\t\t\t\t\t\t\t<img decoding=\"async\" width=\"500\" height=\"735\" src=\"https:\/\/badischer-automobilclub.de\/wp-content\/uploads\/2026\/03\/badischer-automobilclub.jpg\" class=\"attachment-large size-large wp-image-728\" alt=\"\" srcset=\"https:\/\/badischer-automobilclub.de\/wp-content\/uploads\/2026\/03\/badischer-automobilclub.jpg 500w, https:\/\/badischer-automobilclub.de\/wp-content\/uploads\/2026\/03\/badischer-automobilclub-204x300.jpg 204w\" sizes=\"(max-width: 500px) 100vw, 500px\" \/>\t\t\t\t\t\t\t\t\t\t\t\t\t\t\t<\/div>\n\t\t\t\t<\/div>\n\t\t\t\t<\/div>\n\t\t<div class=\"elementor-element elementor-element-2e75098 e-con-full e-flex e-con e-child\" data-id=\"2e75098\" data-element_type=\"container\" data-e-type=\"container\">\n\t\t\t\t<div class=\"elementor-element elementor-element-19d6c85 elementor-widget elementor-widget-heading\" data-id=\"19d6c85\" data-element_type=\"widget\" data-e-type=\"widget\" data-widget_type=\"heading.default\">\n\t\t\t\t<div class=\"elementor-widget-container\">\n\t\t\t\t\t<h4 class=\"elementor-heading-title elementor-size-default\">J\u00f6rg Schlehe<\/h4>\t\t\t\t<\/div>\n\t\t\t\t<\/div>\n\t\t\t\t<div class=\"elementor-element elementor-element-8134ef6 elementor-widget elementor-widget-heading\" data-id=\"8134ef6\" data-element_type=\"widget\" data-e-type=\"widget\" data-widget_type=\"heading.default\">\n\t\t\t\t<div class=\"elementor-widget-container\">\n\t\t\t\t\t<p class=\"elementor-heading-title elementor-size-default\">Junioren \/ \u00d6ffentlichkeitsarbeit<\/p>\t\t\t\t<\/div>\n\t\t\t\t<\/div>\n\t\t\t\t<\/div>\n\t\t\t\t<\/div>\n\t\t\t\t<\/div>\n\t\t\t\t\t<\/div>\n\t\t\t\t<\/div>\n\t\t\t\t<\/div>\n\t\t","protected":false},"excerpt":{"rendered":"<p>Der Vorstand Auf dieser Seite finden Sie alle aktuellen Vorstandsmitglieder des BAC.Kontaktieren oder besuchen Sie uns auf einem unserer Events. Wir freuen uns auf Sie! Gerd Stracke Vorsitzender Oliver K\u00f6hler stellv. Vorsitzender &amp; Schatzmeister Dr. Ulrike K\u00f6hler Schriftf\u00fchrerin Maximilian Koch Motorsport J\u00f6rg Schlehe Junioren \/ \u00d6ffentlichkeitsarbeit<\/p>\n","protected":false},"author":1,"featured_media":0,"parent":153,"menu_order":1,"comment_status":"closed","ping_status":"closed","template":"elementor_header_footer","meta":{"footnotes":""},"class_list":["post-155","page","type-page","status-publish","hentry"],"yoast_head":"<!-- This site is optimized with the Yoast SEO plugin v27.3 - https:\/\/yoast.com\/product\/yoast-seo-wordpress\/ -->\n<title>Vorstand &#8211; Badischer Automobilclub im AvD e.V.<\/title>\n<meta name=\"robots\" content=\"index, follow, max-snippet:-1, max-image-preview:large, max-video-preview:-1\" \/>\n<link rel=\"canonical\" href=\"https:\/\/badischer-automobilclub.de\/?page_id=155\" \/>\n<meta property=\"og:locale\" content=\"de_DE\" \/>\n<meta property=\"og:type\" content=\"article\" \/>\n<meta property=\"og:title\" content=\"Vorstand &#8211; Badischer Automobilclub im AvD e.V.\" \/>\n<meta property=\"og:description\" content=\"Der Vorstand Auf dieser Seite finden Sie alle aktuellen Vorstandsmitglieder des BAC.Kontaktieren oder besuchen Sie uns auf einem unserer Events. Wir freuen uns auf Sie! Gerd Stracke Vorsitzender Oliver K\u00f6hler stellv. Vorsitzender &amp; Schatzmeister Dr. Ulrike K\u00f6hler Schriftf\u00fchrerin Maximilian Koch Motorsport J\u00f6rg Schlehe Junioren \/ \u00d6ffentlichkeitsarbeit\" \/>\n<meta property=\"og:url\" content=\"https:\/\/badischer-automobilclub.de\/?page_id=155\" \/>\n<meta property=\"og:site_name\" content=\"Badischer Automobilclub im AvD e.V.\" \/>\n<meta property=\"article:modified_time\" content=\"2026-03-03T14:35:05+00:00\" \/>\n<meta property=\"og:image\" content=\"https:\/\/badischer-automobilclub.de\/wp-content\/uploads\/2025\/05\/Gerd-Stracke-scaled-1.jpg\" \/>\n\t<meta property=\"og:image:width\" content=\"1758\" \/>\n\t<meta property=\"og:image:height\" content=\"2560\" \/>\n\t<meta property=\"og:image:type\" content=\"image\/jpeg\" \/>\n<meta name=\"twitter:card\" content=\"summary_large_image\" \/>\n<meta name=\"twitter:label1\" content=\"Gesch\u00e4tzte Lesezeit\" \/>\n\t<meta name=\"twitter:data1\" content=\"2\u00a0Minuten\" \/>\n<script type=\"application\/ld+json\" class=\"yoast-schema-graph\">{\"@context\":\"https:\\\/\\\/schema.org\",\"@graph\":[{\"@type\":\"WebPage\",\"@id\":\"https:\\\/\\\/badischer-automobilclub.de\\\/?page_id=155\",\"url\":\"https:\\\/\\\/badischer-automobilclub.de\\\/?page_id=155\",\"name\":\"Vorstand &#8211; Badischer Automobilclub im AvD e.V.\",\"isPartOf\":{\"@id\":\"https:\\\/\\\/badischer-automobilclub.de\\\/#website\"},\"primaryImageOfPage\":{\"@id\":\"https:\\\/\\\/badischer-automobilclub.de\\\/?page_id=155#primaryimage\"},\"image\":{\"@id\":\"https:\\\/\\\/badischer-automobilclub.de\\\/?page_id=155#primaryimage\"},\"thumbnailUrl\":\"https:\\\/\\\/badischer-automobilclub.de\\\/wp-content\\\/uploads\\\/2025\\\/05\\\/Gerd-Stracke-scaled-1-703x1024.jpg\",\"datePublished\":\"2025-05-16T12:34:01+00:00\",\"dateModified\":\"2026-03-03T14:35:05+00:00\",\"breadcrumb\":{\"@id\":\"https:\\\/\\\/badischer-automobilclub.de\\\/?page_id=155#breadcrumb\"},\"inLanguage\":\"de\",\"potentialAction\":[{\"@type\":\"ReadAction\",\"target\":[\"https:\\\/\\\/badischer-automobilclub.de\\\/?page_id=155\"]}]},{\"@type\":\"ImageObject\",\"inLanguage\":\"de\",\"@id\":\"https:\\\/\\\/badischer-automobilclub.de\\\/?page_id=155#primaryimage\",\"url\":\"https:\\\/\\\/badischer-automobilclub.de\\\/wp-content\\\/uploads\\\/2025\\\/05\\\/Gerd-Stracke-scaled-1.jpg\",\"contentUrl\":\"https:\\\/\\\/badischer-automobilclub.de\\\/wp-content\\\/uploads\\\/2025\\\/05\\\/Gerd-Stracke-scaled-1.jpg\",\"width\":1758,\"height\":2560},{\"@type\":\"BreadcrumbList\",\"@id\":\"https:\\\/\\\/badischer-automobilclub.de\\\/?page_id=155#breadcrumb\",\"itemListElement\":[{\"@type\":\"ListItem\",\"position\":1,\"name\":\"Startseite\",\"item\":\"https:\\\/\\\/badischer-automobilclub.de\\\/\"},{\"@type\":\"ListItem\",\"position\":2,\"name\":\"Privat: Der Club\",\"item\":\"https:\\\/\\\/badischer-automobilclub.de\\\/?page_id=153\"},{\"@type\":\"ListItem\",\"position\":3,\"name\":\"Vorstand\"}]},{\"@type\":\"WebSite\",\"@id\":\"https:\\\/\\\/badischer-automobilclub.de\\\/#website\",\"url\":\"https:\\\/\\\/badischer-automobilclub.de\\\/\",\"name\":\"Badischer Automobilclub im AvD e.V.\",\"description\":\"in Karlsruhe und Umgebung\",\"publisher\":{\"@id\":\"https:\\\/\\\/badischer-automobilclub.de\\\/#organization\"},\"alternateName\":\"Badischer Automobilclub\",\"potentialAction\":[{\"@type\":\"SearchAction\",\"target\":{\"@type\":\"EntryPoint\",\"urlTemplate\":\"https:\\\/\\\/badischer-automobilclub.de\\\/?s={search_term_string}\"},\"query-input\":{\"@type\":\"PropertyValueSpecification\",\"valueRequired\":true,\"valueName\":\"search_term_string\"}}],\"inLanguage\":\"de\"},{\"@type\":\"Organization\",\"@id\":\"https:\\\/\\\/badischer-automobilclub.de\\\/#organization\",\"name\":\"Badischer Automobilclub im AvD e.V.\",\"alternateName\":\"Badischer Automobilclub\",\"url\":\"https:\\\/\\\/badischer-automobilclub.de\\\/\",\"logo\":{\"@type\":\"ImageObject\",\"inLanguage\":\"de\",\"@id\":\"https:\\\/\\\/badischer-automobilclub.de\\\/#\\\/schema\\\/logo\\\/image\\\/\",\"url\":\"https:\\\/\\\/badischer-automobilclub.de\\\/wp-content\\\/uploads\\\/2025\\\/03\\\/BAC-RGB.svg\",\"contentUrl\":\"https:\\\/\\\/badischer-automobilclub.de\\\/wp-content\\\/uploads\\\/2025\\\/03\\\/BAC-RGB.svg\",\"width\":264,\"height\":263,\"caption\":\"Badischer Automobilclub im AvD e.V.\"},\"image\":{\"@id\":\"https:\\\/\\\/badischer-automobilclub.de\\\/#\\\/schema\\\/logo\\\/image\\\/\"}}]}<\/script>\n<!-- \/ Yoast SEO plugin. -->","yoast_head_json":{"title":"Vorstand &#8211; Badischer Automobilclub im AvD e.V.","robots":{"index":"index","follow":"follow","max-snippet":"max-snippet:-1","max-image-preview":"max-image-preview:large","max-video-preview":"max-video-preview:-1"},"canonical":"https:\/\/badischer-automobilclub.de\/?page_id=155","og_locale":"de_DE","og_type":"article","og_title":"Vorstand &#8211; Badischer Automobilclub im AvD e.V.","og_description":"Der Vorstand Auf dieser Seite finden Sie alle aktuellen Vorstandsmitglieder des BAC.Kontaktieren oder besuchen Sie uns auf einem unserer Events. Wir freuen uns auf Sie! Gerd Stracke Vorsitzender Oliver K\u00f6hler stellv. Vorsitzender &amp; Schatzmeister Dr. Ulrike K\u00f6hler Schriftf\u00fchrerin Maximilian Koch Motorsport J\u00f6rg Schlehe Junioren \/ \u00d6ffentlichkeitsarbeit","og_url":"https:\/\/badischer-automobilclub.de\/?page_id=155","og_site_name":"Badischer Automobilclub im AvD e.V.","article_modified_time":"2026-03-03T14:35:05+00:00","og_image":[{"width":1758,"height":2560,"url":"https:\/\/badischer-automobilclub.de\/wp-content\/uploads\/2025\/05\/Gerd-Stracke-scaled-1.jpg","type":"image\/jpeg"}],"twitter_card":"summary_large_image","twitter_misc":{"Gesch\u00e4tzte Lesezeit":"2\u00a0Minuten"},"schema":{"@context":"https:\/\/schema.org","@graph":[{"@type":"WebPage","@id":"https:\/\/badischer-automobilclub.de\/?page_id=155","url":"https:\/\/badischer-automobilclub.de\/?page_id=155","name":"Vorstand &#8211; Badischer Automobilclub im AvD e.V.","isPartOf":{"@id":"https:\/\/badischer-automobilclub.de\/#website"},"primaryImageOfPage":{"@id":"https:\/\/badischer-automobilclub.de\/?page_id=155#primaryimage"},"image":{"@id":"https:\/\/badischer-automobilclub.de\/?page_id=155#primaryimage"},"thumbnailUrl":"https:\/\/badischer-automobilclub.de\/wp-content\/uploads\/2025\/05\/Gerd-Stracke-scaled-1-703x1024.jpg","datePublished":"2025-05-16T12:34:01+00:00","dateModified":"2026-03-03T14:35:05+00:00","breadcrumb":{"@id":"https:\/\/badischer-automobilclub.de\/?page_id=155#breadcrumb"},"inLanguage":"de","potentialAction":[{"@type":"ReadAction","target":["https:\/\/badischer-automobilclub.de\/?page_id=155"]}]},{"@type":"ImageObject","inLanguage":"de","@id":"https:\/\/badischer-automobilclub.de\/?page_id=155#primaryimage","url":"https:\/\/badischer-automobilclub.de\/wp-content\/uploads\/2025\/05\/Gerd-Stracke-scaled-1.jpg","contentUrl":"https:\/\/badischer-automobilclub.de\/wp-content\/uploads\/2025\/05\/Gerd-Stracke-scaled-1.jpg","width":1758,"height":2560},{"@type":"BreadcrumbList","@id":"https:\/\/badischer-automobilclub.de\/?page_id=155#breadcrumb","itemListElement":[{"@type":"ListItem","position":1,"name":"Startseite","item":"https:\/\/badischer-automobilclub.de\/"},{"@type":"ListItem","position":2,"name":"Privat: Der Club","item":"https:\/\/badischer-automobilclub.de\/?page_id=153"},{"@type":"ListItem","position":3,"name":"Vorstand"}]},{"@type":"WebSite","@id":"https:\/\/badischer-automobilclub.de\/#website","url":"https:\/\/badischer-automobilclub.de\/","name":"Badischer Automobilclub im AvD e.V.","description":"in Karlsruhe und Umgebung","publisher":{"@id":"https:\/\/badischer-automobilclub.de\/#organization"},"alternateName":"Badischer Automobilclub","potentialAction":[{"@type":"SearchAction","target":{"@type":"EntryPoint","urlTemplate":"https:\/\/badischer-automobilclub.de\/?s={search_term_string}"},"query-input":{"@type":"PropertyValueSpecification","valueRequired":true,"valueName":"search_term_string"}}],"inLanguage":"de"},{"@type":"Organization","@id":"https:\/\/badischer-automobilclub.de\/#organization","name":"Badischer Automobilclub im AvD e.V.","alternateName":"Badischer Automobilclub","url":"https:\/\/badischer-automobilclub.de\/","logo":{"@type":"ImageObject","inLanguage":"de","@id":"https:\/\/badischer-automobilclub.de\/#\/schema\/logo\/image\/","url":"https:\/\/badischer-automobilclub.de\/wp-content\/uploads\/2025\/03\/BAC-RGB.svg","contentUrl":"https:\/\/badischer-automobilclub.de\/wp-content\/uploads\/2025\/03\/BAC-RGB.svg","width":264,"height":263,"caption":"Badischer Automobilclub im AvD e.V."},"image":{"@id":"https:\/\/badischer-automobilclub.de\/#\/schema\/logo\/image\/"}}]}},"_links":{"self":[{"href":"https:\/\/badischer-automobilclub.de\/index.php?rest_route=\/wp\/v2\/pages\/155","targetHints":{"allow":["GET"]}}],"collection":[{"href":"https:\/\/badischer-automobilclub.de\/index.php?rest_route=\/wp\/v2\/pages"}],"about":[{"href":"https:\/\/badischer-automobilclub.de\/index.php?rest_route=\/wp\/v2\/types\/page"}],"author":[{"embeddable":true,"href":"https:\/\/badischer-automobilclub.de\/index.php?rest_route=\/wp\/v2\/users\/1"}],"replies":[{"embeddable":true,"href":"https:\/\/badischer-automobilclub.de\/index.php?rest_route=%2Fwp%2Fv2%2Fcomments&post=155"}],"version-history":[{"count":16,"href":"https:\/\/badischer-automobilclub.de\/index.php?rest_route=\/wp\/v2\/pages\/155\/revisions"}],"predecessor-version":[{"id":731,"href":"https:\/\/badischer-automobilclub.de\/index.php?rest_route=\/wp\/v2\/pages\/155\/revisions\/731"}],"up":[{"embeddable":true,"href":"https:\/\/badischer-automobilclub.de\/index.php?rest_route=\/wp\/v2\/pages\/153"}],"wp:attachment":[{"href":"https:\/\/badischer-automobilclub.de\/index.php?rest_route=%2Fwp%2Fv2%2Fmedia&parent=155"}],"curies":[{"name":"wp","href":"https:\/\/api.w.org\/{rel}","templated":true}]}}