{"id":21,"date":"2025-03-11T09:29:12","date_gmt":"2025-03-11T08:29:12","guid":{"rendered":"http:\/\/wordpress.p691851.webspaceconfig.de\/?page_id=21"},"modified":"2025-05-27T08:37:14","modified_gmt":"2025-05-27T06:37:14","slug":"impressum","status":"publish","type":"page","link":"https:\/\/badischer-automobilclub.de\/?page_id=21","title":{"rendered":"Impressum"},"content":{"rendered":"\t\t<div data-elementor-type=\"wp-page\" data-elementor-id=\"21\" class=\"elementor elementor-21\" data-elementor-post-type=\"page\">\n\t\t\t\t<div class=\"elementor-element elementor-element-df6fc14 e-flex e-con-boxed e-con e-parent\" data-id=\"df6fc14\" data-element_type=\"container\" data-e-type=\"container\">\n\t\t\t\t\t<div class=\"e-con-inner\">\n\t\t<div class=\"elementor-element elementor-element-90c1052 e-con-full e-flex e-con e-child\" data-id=\"90c1052\" data-element_type=\"container\" data-e-type=\"container\">\n\t\t\t\t<div class=\"elementor-element elementor-element-db9ffb4 elementor-widget elementor-widget-heading\" data-id=\"db9ffb4\" data-element_type=\"widget\" data-e-type=\"widget\" data-widget_type=\"heading.default\">\n\t\t\t\t<div class=\"elementor-widget-container\">\n\t\t\t\t\t<h1 class=\"elementor-heading-title elementor-size-default\">Impressum<\/h1>\t\t\t\t<\/div>\n\t\t\t\t<\/div>\n\t\t\t\t<div class=\"elementor-element elementor-element-6df6773 elementor-widget elementor-widget-text-editor\" data-id=\"6df6773\" data-element_type=\"widget\" data-e-type=\"widget\" data-widget_type=\"text-editor.default\">\n\t\t\t\t<div class=\"elementor-widget-container\">\n\t\t\t\t\t\t\t\t\t<h2>Informationen gem\u00e4\u00df \u00a7 5 DDG<\/h2>\n<p><strong>Badischer Automobilclub im AvD e.V.<\/strong><br>Theodor-Heuss-Stra\u00dfe 13<br>76275 Ettlingen<\/p>\n<p><strong>Tel:<\/strong>&nbsp;+49 (0) 7243 318 07<br><strong>E-Mail:<\/strong>&nbsp;gs(at)badischer-automobilclub.de<\/p>\n<p><strong>Vertreten durch<\/strong><br>Vorsitzender Gerd Stracke<br>c\/o Badischer Automobilclub im AvD e.V.<br>Theodor-Heuss-Stra\u00dfe 13<br>76275 Ettlingen<br>Telefon +49 (0) 7243 31807<br>E-Mail gs(at)badischer-automobilclub.de<\/p>\n<p><strong>Inhaltlich Verantwortlicher gem\u00e4\u00df \u00a76 MDStV:<\/strong>&nbsp;Badischer Automobilclub im AvD e.V.<\/p>\n<p><b>Konzept, ScreenDesign, Inhalte<\/b><\/p>\n<p><a href=\"http:\/\/www.cmxs.de\">cmxs<\/a>, Karlsruhe<\/p>\n<p>Alle Rechte vorbehalten<\/p>\n<h2>Rechtlicher Hinweis<\/h2>\n<h3>Inhalt des Online-Angebotes<\/h3>\n<p>Die auf unseren Internetseiten zur Verf\u00fcgung gestellten Inhalte sind unseres Erachtens verl\u00e4sslich und sorgf\u00e4ltig erarbeitet. Wir \u00fcbernehmen jedoch keine Gew\u00e4hrleistung f\u00fcr die Vollst\u00e4ndigkeit, Richtigkeit und Genauigkeit s\u00e4mtlicher Inhalte auf den Webseiten. Wir \u00fcbernehmen keinerlei Gew\u00e4hr f\u00fcr die Aktualit\u00e4t, Korrektheit, Vollst\u00e4ndigkeit oder Qualit\u00e4t der bereitgestellten Informationen. Haftungsanspr\u00fcche gegen den Autor, welche sich auf Sch\u00e4den materieller oder ideeller Art beziehen, die durch die Nutzung oder Nichtnutzung der dargebotenen Informationen bzw. durch die Nutzung fehlerhafter und unvollst\u00e4ndiger Informationen verursacht wurden, sind grunds\u00e4tzlich ausgeschlossen, sofern seitens des Autors kein nachweislich vors\u00e4tzliches oder grob fahrl\u00e4ssiges Verschulden vorliegt.<\/p>\n<p>Alle Angebote sind frei bleibend und unverbindlich. Wir behalten es uns ausdr\u00fccklich vor, Teile der Seiten oder das gesamte Angebot ohne gesonderte Ank\u00fcndigung zu ver\u00e4ndern, zu erg\u00e4nzen, zu l\u00f6schen oder die Ver\u00f6ffentlichung zeitweise oder endg\u00fcltig einzustellen.<\/p>\n<h3>Verweise und Links<\/h3>\n<p>Trotz sorgf\u00e4ltiger Kontrolle externer Links \u00fcbernehmen wir keine Haftung f\u00fcr deren Inhalte. F\u00fcr den Inhalt verlinkter Stellen sind ausschlie\u00dflich deren Betreiber verantwortlich. Bei direkten oder indirekten Verweisen auf fremde Internet-Seiten (&#8222;Links&#8220;), die au\u00dferhalb des Verantwortungsbereiches des Autors liegen, w\u00fcrde eine Haftungsverpflichtung ausschlie\u00dflich in dem Fall in Kraft treten, in dem wir von den Inhalten Kenntnis h\u00e4tten und es uns technisch m\u00f6glich und zumutbar w\u00e4re, die Nutzung im Falle rechtswidriger Inhalte zu verhindern. Wir erkl\u00e4ren hiermit ausdr\u00fccklich, dass zum Zeitpunkt der Link-Setzung keine illegalen Inhalte auf den zu verlinkenden Seiten erkennbar waren. Auf die aktuelle und zuk\u00fcnftige Gestaltung, die Inhalte oder die Urheberschaft der gelinkten\/verkn\u00fcpften Seiten haben wir keinerlei Einfluss. Deshalb distanzieren wir uns hiermit ausdr\u00fccklich von allen Inhalten aller gelinkten\/verkn\u00fcpften Seiten, die nach der Link-Setzung ver\u00e4ndert wurden. Diese Feststellung gilt f\u00fcr alle innerhalb des eigenen Internet-Angebotes gesetzten Links und Verweise sowie f\u00fcr Fremdeintr\u00e4ge in vom Autor eingerichteten G\u00e4steb\u00fcchern, Diskussionsforen und Mailing-Listen. F\u00fcr illegale, fehlerhafte oder unvollst\u00e4ndige Inhalte und insbesondere f\u00fcr Sch\u00e4den, die aus der Nutzung oder Nichtnutzung solcherart dargebotenen Informationen entstehen, haftet allein der Anbieter der Seite, auf welche verwiesen wurde, nicht derjenige, der \u00fcber Links auf die jeweilige Ver\u00f6ffentlichung lediglich verweist.<\/p>\n<h3>Urheber- und Kennzeichenrecht<\/h3>\n<p>Wir sind bestrebt, in allen Publikationen die Urheberrechte der verwendeten Grafiken, Tondokumente, Videosequenzen und Texte zu beachten, selbst erstellte Grafiken, Tondokumente, Videosequenzen und Texte zu nutzen oder auf lizenzfreie Grafiken, Tondokumente, Videosequenzen und Texte zur\u00fcckzugreifen. Alle innerhalb des Internet-Angebotes genannten und ggf. durch Dritte gesch\u00fctzten Marken- und Warenzeichen unterliegen uneingeschr\u00e4nkt den Bestimmungen des jeweils g\u00fcltigen Kennzeichenrechts und den Besitzrechten der jeweiligen eingetragenen Eigent\u00fcmer. Allein aufgrund der blo\u00dfen Nennung ist nicht der Schluss zu ziehen, dass Markenzeichen nicht durch Rechte Dritter gesch\u00fctzt sind! Das Copyright f\u00fcr ver\u00f6ffentlichte, vom Autor selbst erstellte Objekte bleibt allein beim Autor der Seiten. Eine Vervielf\u00e4ltigung oder Verwendung solcher Grafiken, Tondokumente, Videosequenzen und Texte in anderen elektronischen oder gedruckten Publikationen ist ohne ausdr\u00fcckliche Zustimmung des Autors nicht gestattet.<\/p>\n<h3>Streitbeilegungsverfahren<\/h3>\n<p>Wir nehmen nicht an einem Streitbeilegungsverfahren vor einer Verbraucherschlichtungsstelle teil.<\/p>\n<h3>Hinweis zum Allgemeinen Gleichbehandlungsgesetz (AGG)<\/h3>\n<p>Aus Gr\u00fcnden der leichteren Lesbarkeit wird auf eine geschlechterspezifische Differenzierung verzichtet. Entsprechende Begriffe gelten im Sinne der Gleichbehandlung f\u00fcr alle Geschlechter.<\/p>\n<h3>Bildnachweis:<\/h3>\n<div>Vervielf\u00e4ltigung der hier ver\u00f6ffentlichten Inhalte und Grafiken nur mit ausdr\u00fccklicher schriftlicher Genehmigung.<\/div>\t\t\t\t\t\t\t\t<\/div>\n\t\t\t\t<\/div>\n\t\t\t\t<\/div>\n\t\t\t\t\t<\/div>\n\t\t\t\t<\/div>\n\t\t\t\t<\/div>\n\t\t","protected":false},"excerpt":{"rendered":"<p>Impressum Informationen gem\u00e4\u00df \u00a7 5 DDG Badischer Automobilclub im AvD e.V.Theodor-Heuss-Stra\u00dfe 1376275 Ettlingen Tel:&nbsp;+49 (0) 7243 318 07E-Mail:&nbsp;gs(at)badischer-automobilclub.de Vertreten durchVorsitzender Gerd Strackec\/o Badischer Automobilclub im AvD e.V.Theodor-Heuss-Stra\u00dfe 1376275 EttlingenTelefon +49 (0) 7243 31807E-Mail gs(at)badischer-automobilclub.de Inhaltlich Verantwortlicher gem\u00e4\u00df \u00a76 MDStV:&nbsp;Badischer Automobilclub im AvD e.V. Konzept, ScreenDesign, Inhalte cmxs, Karlsruhe Alle Rechte vorbehalten Rechtlicher Hinweis Inhalt des [&hellip;]<\/p>\n","protected":false},"author":1,"featured_media":0,"parent":0,"menu_order":99,"comment_status":"closed","ping_status":"closed","template":"","meta":{"footnotes":""},"class_list":["post-21","page","type-page","status-publish","hentry"],"yoast_head":"<!-- This site is optimized with the Yoast SEO plugin v27.3 - https:\/\/yoast.com\/product\/yoast-seo-wordpress\/ -->\n<title>Impressum &#8211; Badischer Automobilclub im AvD e.V.<\/title>\n<meta name=\"robots\" content=\"index, nofollow, max-snippet:-1, max-image-preview:large, max-video-preview:-1\" \/>\n<link rel=\"canonical\" href=\"https:\/\/badischer-automobilclub.de\/?page_id=21\" \/>\n<meta property=\"og:locale\" content=\"de_DE\" \/>\n<meta property=\"og:type\" content=\"article\" \/>\n<meta property=\"og:title\" content=\"Impressum &#8211; Badischer Automobilclub im AvD e.V.\" \/>\n<meta property=\"og:description\" content=\"Impressum Informationen gem\u00e4\u00df \u00a7 5 DDG Badischer Automobilclub im AvD e.V.Theodor-Heuss-Stra\u00dfe 1376275 Ettlingen Tel:&nbsp;+49 (0) 7243 318 07E-Mail:&nbsp;gs(at)badischer-automobilclub.de Vertreten durchVorsitzender Gerd Strackec\/o Badischer Automobilclub im AvD e.V.Theodor-Heuss-Stra\u00dfe 1376275 EttlingenTelefon +49 (0) 7243 31807E-Mail gs(at)badischer-automobilclub.de Inhaltlich Verantwortlicher gem\u00e4\u00df \u00a76 MDStV:&nbsp;Badischer Automobilclub im AvD e.V. Konzept, ScreenDesign, Inhalte cmxs, Karlsruhe Alle Rechte vorbehalten Rechtlicher Hinweis Inhalt des [&hellip;]\" \/>\n<meta property=\"og:url\" content=\"https:\/\/badischer-automobilclub.de\/?page_id=21\" \/>\n<meta property=\"og:site_name\" content=\"Badischer Automobilclub im AvD e.V.\" \/>\n<meta property=\"article:modified_time\" content=\"2025-05-27T06:37:14+00:00\" \/>\n<meta name=\"twitter:card\" content=\"summary_large_image\" \/>\n<meta name=\"twitter:label1\" content=\"Gesch\u00e4tzte Lesezeit\" \/>\n\t<meta name=\"twitter:data1\" content=\"4\u00a0Minuten\" \/>\n<script type=\"application\/ld+json\" class=\"yoast-schema-graph\">{\"@context\":\"https:\\\/\\\/schema.org\",\"@graph\":[{\"@type\":\"WebPage\",\"@id\":\"https:\\\/\\\/badischer-automobilclub.de\\\/?page_id=21\",\"url\":\"https:\\\/\\\/badischer-automobilclub.de\\\/?page_id=21\",\"name\":\"Impressum &#8211; Badischer Automobilclub im AvD e.V.\",\"isPartOf\":{\"@id\":\"https:\\\/\\\/badischer-automobilclub.de\\\/#website\"},\"datePublished\":\"2025-03-11T08:29:12+00:00\",\"dateModified\":\"2025-05-27T06:37:14+00:00\",\"breadcrumb\":{\"@id\":\"https:\\\/\\\/badischer-automobilclub.de\\\/?page_id=21#breadcrumb\"},\"inLanguage\":\"de\",\"potentialAction\":[{\"@type\":\"ReadAction\",\"target\":[\"https:\\\/\\\/badischer-automobilclub.de\\\/?page_id=21\"]}]},{\"@type\":\"BreadcrumbList\",\"@id\":\"https:\\\/\\\/badischer-automobilclub.de\\\/?page_id=21#breadcrumb\",\"itemListElement\":[{\"@type\":\"ListItem\",\"position\":1,\"name\":\"Startseite\",\"item\":\"https:\\\/\\\/badischer-automobilclub.de\\\/\"},{\"@type\":\"ListItem\",\"position\":2,\"name\":\"Impressum\"}]},{\"@type\":\"WebSite\",\"@id\":\"https:\\\/\\\/badischer-automobilclub.de\\\/#website\",\"url\":\"https:\\\/\\\/badischer-automobilclub.de\\\/\",\"name\":\"Badischer Automobilclub im AvD e.V.\",\"description\":\"in Karlsruhe und Umgebung\",\"publisher\":{\"@id\":\"https:\\\/\\\/badischer-automobilclub.de\\\/#organization\"},\"alternateName\":\"Badischer Automobilclub\",\"potentialAction\":[{\"@type\":\"SearchAction\",\"target\":{\"@type\":\"EntryPoint\",\"urlTemplate\":\"https:\\\/\\\/badischer-automobilclub.de\\\/?s={search_term_string}\"},\"query-input\":{\"@type\":\"PropertyValueSpecification\",\"valueRequired\":true,\"valueName\":\"search_term_string\"}}],\"inLanguage\":\"de\"},{\"@type\":\"Organization\",\"@id\":\"https:\\\/\\\/badischer-automobilclub.de\\\/#organization\",\"name\":\"Badischer Automobilclub im AvD e.V.\",\"alternateName\":\"Badischer Automobilclub\",\"url\":\"https:\\\/\\\/badischer-automobilclub.de\\\/\",\"logo\":{\"@type\":\"ImageObject\",\"inLanguage\":\"de\",\"@id\":\"https:\\\/\\\/badischer-automobilclub.de\\\/#\\\/schema\\\/logo\\\/image\\\/\",\"url\":\"https:\\\/\\\/badischer-automobilclub.de\\\/wp-content\\\/uploads\\\/2025\\\/03\\\/BAC-RGB.svg\",\"contentUrl\":\"https:\\\/\\\/badischer-automobilclub.de\\\/wp-content\\\/uploads\\\/2025\\\/03\\\/BAC-RGB.svg\",\"width\":264,\"height\":263,\"caption\":\"Badischer Automobilclub im AvD e.V.\"},\"image\":{\"@id\":\"https:\\\/\\\/badischer-automobilclub.de\\\/#\\\/schema\\\/logo\\\/image\\\/\"}}]}<\/script>\n<!-- \/ Yoast SEO plugin. -->","yoast_head_json":{"title":"Impressum &#8211; Badischer Automobilclub im AvD e.V.","robots":{"index":"index","follow":"nofollow","max-snippet":"max-snippet:-1","max-image-preview":"max-image-preview:large","max-video-preview":"max-video-preview:-1"},"canonical":"https:\/\/badischer-automobilclub.de\/?page_id=21","og_locale":"de_DE","og_type":"article","og_title":"Impressum &#8211; Badischer Automobilclub im AvD e.V.","og_description":"Impressum Informationen gem\u00e4\u00df \u00a7 5 DDG Badischer Automobilclub im AvD e.V.Theodor-Heuss-Stra\u00dfe 1376275 Ettlingen Tel:&nbsp;+49 (0) 7243 318 07E-Mail:&nbsp;gs(at)badischer-automobilclub.de Vertreten durchVorsitzender Gerd Strackec\/o Badischer Automobilclub im AvD e.V.Theodor-Heuss-Stra\u00dfe 1376275 EttlingenTelefon +49 (0) 7243 31807E-Mail gs(at)badischer-automobilclub.de Inhaltlich Verantwortlicher gem\u00e4\u00df \u00a76 MDStV:&nbsp;Badischer Automobilclub im AvD e.V. Konzept, ScreenDesign, Inhalte cmxs, Karlsruhe Alle Rechte vorbehalten Rechtlicher Hinweis Inhalt des [&hellip;]","og_url":"https:\/\/badischer-automobilclub.de\/?page_id=21","og_site_name":"Badischer Automobilclub im AvD e.V.","article_modified_time":"2025-05-27T06:37:14+00:00","twitter_card":"summary_large_image","twitter_misc":{"Gesch\u00e4tzte Lesezeit":"4\u00a0Minuten"},"schema":{"@context":"https:\/\/schema.org","@graph":[{"@type":"WebPage","@id":"https:\/\/badischer-automobilclub.de\/?page_id=21","url":"https:\/\/badischer-automobilclub.de\/?page_id=21","name":"Impressum &#8211; Badischer Automobilclub im AvD e.V.","isPartOf":{"@id":"https:\/\/badischer-automobilclub.de\/#website"},"datePublished":"2025-03-11T08:29:12+00:00","dateModified":"2025-05-27T06:37:14+00:00","breadcrumb":{"@id":"https:\/\/badischer-automobilclub.de\/?page_id=21#breadcrumb"},"inLanguage":"de","potentialAction":[{"@type":"ReadAction","target":["https:\/\/badischer-automobilclub.de\/?page_id=21"]}]},{"@type":"BreadcrumbList","@id":"https:\/\/badischer-automobilclub.de\/?page_id=21#breadcrumb","itemListElement":[{"@type":"ListItem","position":1,"name":"Startseite","item":"https:\/\/badischer-automobilclub.de\/"},{"@type":"ListItem","position":2,"name":"Impressum"}]},{"@type":"WebSite","@id":"https:\/\/badischer-automobilclub.de\/#website","url":"https:\/\/badischer-automobilclub.de\/","name":"Badischer Automobilclub im AvD e.V.","description":"in Karlsruhe und Umgebung","publisher":{"@id":"https:\/\/badischer-automobilclub.de\/#organization"},"alternateName":"Badischer Automobilclub","potentialAction":[{"@type":"SearchAction","target":{"@type":"EntryPoint","urlTemplate":"https:\/\/badischer-automobilclub.de\/?s={search_term_string}"},"query-input":{"@type":"PropertyValueSpecification","valueRequired":true,"valueName":"search_term_string"}}],"inLanguage":"de"},{"@type":"Organization","@id":"https:\/\/badischer-automobilclub.de\/#organization","name":"Badischer Automobilclub im AvD e.V.","alternateName":"Badischer Automobilclub","url":"https:\/\/badischer-automobilclub.de\/","logo":{"@type":"ImageObject","inLanguage":"de","@id":"https:\/\/badischer-automobilclub.de\/#\/schema\/logo\/image\/","url":"https:\/\/badischer-automobilclub.de\/wp-content\/uploads\/2025\/03\/BAC-RGB.svg","contentUrl":"https:\/\/badischer-automobilclub.de\/wp-content\/uploads\/2025\/03\/BAC-RGB.svg","width":264,"height":263,"caption":"Badischer Automobilclub im AvD e.V."},"image":{"@id":"https:\/\/badischer-automobilclub.de\/#\/schema\/logo\/image\/"}}]}},"_links":{"self":[{"href":"https:\/\/badischer-automobilclub.de\/index.php?rest_route=\/wp\/v2\/pages\/21","targetHints":{"allow":["GET"]}}],"collection":[{"href":"https:\/\/badischer-automobilclub.de\/index.php?rest_route=\/wp\/v2\/pages"}],"about":[{"href":"https:\/\/badischer-automobilclub.de\/index.php?rest_route=\/wp\/v2\/types\/page"}],"author":[{"embeddable":true,"href":"https:\/\/badischer-automobilclub.de\/index.php?rest_route=\/wp\/v2\/users\/1"}],"replies":[{"embeddable":true,"href":"https:\/\/badischer-automobilclub.de\/index.php?rest_route=%2Fwp%2Fv2%2Fcomments&post=21"}],"version-history":[{"count":19,"href":"https:\/\/badischer-automobilclub.de\/index.php?rest_route=\/wp\/v2\/pages\/21\/revisions"}],"predecessor-version":[{"id":425,"href":"https:\/\/badischer-automobilclub.de\/index.php?rest_route=\/wp\/v2\/pages\/21\/revisions\/425"}],"wp:attachment":[{"href":"https:\/\/badischer-automobilclub.de\/index.php?rest_route=%2Fwp%2Fv2%2Fmedia&parent=21"}],"curies":[{"name":"wp","href":"https:\/\/api.w.org\/{rel}","templated":true}]}}