{"id":23,"date":"2025-03-11T09:29:32","date_gmt":"2025-03-11T08:29:32","guid":{"rendered":"http:\/\/wordpress.p691851.webspaceconfig.de\/?page_id=23"},"modified":"2025-05-27T09:14:20","modified_gmt":"2025-05-27T07:14:20","slug":"datenschutz","status":"publish","type":"page","link":"https:\/\/badischer-automobilclub.de\/?page_id=23","title":{"rendered":"Datenschutz"},"content":{"rendered":"\t\t<div data-elementor-type=\"wp-page\" data-elementor-id=\"23\" class=\"elementor elementor-23\" data-elementor-post-type=\"page\">\n\t\t\t\t<div class=\"elementor-element elementor-element-2990200 e-flex e-con-boxed e-con e-parent\" data-id=\"2990200\" data-element_type=\"container\" data-e-type=\"container\">\n\t\t\t\t\t<div class=\"e-con-inner\">\n\t\t\t\t<div class=\"elementor-element elementor-element-8348350 elementor-widget elementor-widget-heading\" data-id=\"8348350\" data-element_type=\"widget\" data-e-type=\"widget\" data-widget_type=\"heading.default\">\n\t\t\t\t<div class=\"elementor-widget-container\">\n\t\t\t\t\t<h1 class=\"elementor-heading-title elementor-size-default\">Datenschutzerkl\u00e4rung<\/h1>\t\t\t\t<\/div>\n\t\t\t\t<\/div>\n\t\t\t\t<div class=\"elementor-element elementor-element-0a2263e elementor-widget-divider--view-line elementor-widget elementor-widget-divider\" data-id=\"0a2263e\" data-element_type=\"widget\" data-e-type=\"widget\" data-widget_type=\"divider.default\">\n\t\t\t\t<div class=\"elementor-widget-container\">\n\t\t\t\t\t\t\t<div class=\"elementor-divider\">\n\t\t\t<span class=\"elementor-divider-separator\">\n\t\t\t\t\t\t<\/span>\n\t\t<\/div>\n\t\t\t\t\t\t<\/div>\n\t\t\t\t<\/div>\n\t\t\t\t<div class=\"elementor-element elementor-element-b2a4cfb elementor-widget elementor-widget-heading\" data-id=\"b2a4cfb\" data-element_type=\"widget\" data-e-type=\"widget\" data-widget_type=\"heading.default\">\n\t\t\t\t<div class=\"elementor-widget-container\">\n\t\t\t\t\t<h2 class=\"elementor-heading-title elementor-size-default\">Verantwortliche Stelle im Sinne der Datenschutzgesetze, insbesondere der EU-Datenschutzgrundverordnung (DSGVO), ist:<\/h2>\t\t\t\t<\/div>\n\t\t\t\t<\/div>\n\t\t\t\t<div class=\"elementor-element elementor-element-827c473 elementor-widget elementor-widget-text-editor\" data-id=\"827c473\" data-element_type=\"widget\" data-e-type=\"widget\" data-widget_type=\"text-editor.default\">\n\t\t\t\t<div class=\"elementor-widget-container\">\n\t\t\t\t\t\t\t\t\t<p>Die Verarbeitung personenbezogener Daten, beispielsweise des Namens, der Anschrift, E-Mail-Adresse oder Telefonnummer einer betroffenen Person, erfolgt im Einklang mit den Erfordernissen der Datenschutz-Grundverordnung (DSGVO) und in \u00dcbereinstimmung mit den f\u00fcr uns geltenden landesspezifischen Datenschutzbestimmungen (DSAnpUG-EU \/ BDSG) . Mittels dieser Datenschutzerkl\u00e4rung m\u00f6chten wir Sie \u00fcber Art, Umfang und Zweck der von uns verarbeiteten personenbezogenen Daten informieren. Ferner werden Sie mittels dieser Datenschutzerkl\u00e4rung \u00fcber die ihnen zustehenden Rechte aufgekl\u00e4rt.<\/p><p>Im Allgemeinen ist es f\u00fcr die Nutzung unserer Internetseite nicht erforderlich, dass Sie personenbezogene Daten angeben. Um im Einzelfall jedoch unsere Services anbieten zu k\u00f6nnen, ben\u00f6tigen wir ggf. Ihre personenbezogenen Daten, zum Beispiel bei der Zusendung von Informationsmaterial sowie auch f\u00fcr die Beantwortung individueller Anfragen oder Anmeldung zu unseren Online- Services. Ist die Verarbeitung personenbezogener Daten erforderlich und besteht f\u00fcr eine solche Verarbeitung keine gesetzliche Grundlage, holen wir generell die Einwilligung der betroffenen Person ein.<\/p><p>Wir haben zahlreiche technische und organisatorische Ma\u00dfnahmen umgesetzt, um einen m\u00f6glichst l\u00fcckenlosen Schutz der \u00fcber diese Internetseite verarbeiteten personenbezogenen Daten sicherzustellen.<\/p><p><strong>Name und Anschrift des Verantwortlichen<\/strong><br \/>Verantwortlicher im Sinne der DSGVO und des DSAnpUG-EU \/ BDSG und anderer Bestimmungen mit datenschutzrechtlichem Charakter ist:<\/p><p><strong>Badischer Automobilclub im AvD e.V.<\/strong><br \/>Theodor-Heuss-Stra\u00dfe 13<br \/>76275 Ettlingen<\/p><p><strong>Tel:<\/strong>\u00a0+49 (0) 7243 318 07<br \/><strong>E-Mail:<\/strong>\u00a0gs(at)badischer-automobilclub.de<\/p><h3>Rechtsgrundlage f\u00fcr die Verarbeitung personenbezogener Daten<\/h3><p>Soweit wir f\u00fcr Verarbeitungsvorg\u00e4nge personenbezogener Daten eine Einwilligung der betroffenen Person einholen, dient Art. 6 Abs. 1 lit. a EU-Datenschutzgrundverordnung (DSGVO) als Rechtsgrundlage. Bei der Verarbeitung von personenbezogenen Daten, die zur Erf\u00fcllung eines Vertrages, dessen Vertragspartei die betroffene Person ist, erforderlich ist, dient Art. 6 Abs. 1 lit. b DSGVO als Rechtsgrundlage. Dies gilt auch f\u00fcr Verarbeitungsvorg\u00e4nge, die zur Durchf\u00fchrung vorvertraglicher Ma\u00dfnahmen erforderlich sind. Soweit eine Verarbeitung personenbezogener Daten zur Erf\u00fcllung einer rechtlichen Verpflichtung erforderlich ist, der unser Unternehmen unterliegt, dient Art. 6 Abs. 1 lit. c DSGVO als Rechtsgrundlage. F\u00fcr den Fall, dass lebenswichtige Interessen der betroffenen Person oder einer anderen nat\u00fcrlichen Person eine Verarbeitung personenbezogener Daten erforderlich machen, dient Art. 6 Abs. 1 lit. d DSGVO als Rechtsgrundlage. Ist die Verarbeitung zur Wahrung eines berechtigten Interesses unseres Unternehmens oder eines Dritten erforderlich und \u00fcberwiegen die Interessen, Grundrechte und Grundfreiheiten des Betroffenen das erstgenannte Interesse nicht, so dient Art. 6 Abs. 1 lit. f DSGVO als Rechtsgrundlage f\u00fcr die Verarbeitung.<\/p><h3>Log-Files<\/h3><p>Beim Zugriff auf unsere Internetseiten \u00fcbermittelt Ihr Internet-Browser automatisch Daten an unseren Webserver. Hierbei handelt es unter anderem um Browsertyp und -version, verwendetes Betriebssystem, verweisende URL, Name der abgerufenen Datei, \u00fcbertragene Datenmenge, Datum und Uhrzeit des Zugriffs sowie Ihre IP-Adresse. Die Erhebung und Speicherung erfolgt ausschlie\u00dflich in anonymisierter oder pseudonymisierter Form und l\u00e4sst keinen R\u00fcckschluss auf Sie als nat\u00fcrliche Person zu. Sie werden getrennt von anderen Daten, die Sie im Rahmen der Nutzung unseres Internetangebots eingeben, gespeichert. Ihre Auswertung erfolgt nur zu statistischen Zwecken.<\/p><h3>Cookies<\/h3><p>Zur Verwaltung der eingesetzten Cookies und \u00e4hnlichen Technologien (Tracking-Pixel, Web-Beacons etc.) und diesbez\u00fcglicher Einwilligungen setzen wir das Consent Tool &#8222;Real Cookie Banner&#8220; ein. Details zur Funktionsweise von &#8222;Real Cookie Banner&#8220; findest du unter <a href=\"https:\/\/devowl.io\/de\/rcb\/datenverarbeitung\/\">https:\/\/devowl.io\/de\/rcb\/datenverarbeitung\/<\/a>.<\/p><p>Rechtsgrundlagen f\u00fcr die Verarbeitung von personenbezogenen Daten in diesem Zusammenhang sind Art. 6 Abs. 1 lit. c DS-GVO und Art. 6 Abs. 1 lit. f DS-GVO. Unser berechtigtes Interesse ist die Verwaltung der eingesetzten Cookies und \u00e4hnlichen Technologien und der diesbez\u00fcglichen Einwilligungen.<\/p><p>Die Bereitstellung der personenbezogenen Daten ist weder vertraglich vorgeschrieben noch f\u00fcr den Abschluss eines Vertrages notwendig. Du bist nicht verpflichtet die personenbezogenen Daten bereitzustellen. Wenn du die personenbezogenen Daten nicht bereitstellst, k\u00f6nnen wir deine Einwilligungen nicht verwalten.<\/p><p><span style=\"font-family: -apple-system, BlinkMacSystemFont, 'Segoe UI', Roboto, 'Helvetica Neue', Arial, 'Noto Sans', sans-serif, 'Apple Color Emoji', 'Segoe UI Emoji', 'Segoe UI Symbol', 'Noto Color Emoji';\">Google Maps<\/span><\/p><p>Auf unserer Internetseite verwenden wir die Google Maps API, um geographische Informationen visuell darzustellen. Google Maps ist ein Kartendienst von Google Ireland Limited, Gordon House, Barrow Street, Dublin 4, Ireland. Bei der Nutzung von Google Maps werden von Google auch Daten \u00fcber die Nutzung der Maps-Funktionen durch Besucher der Webseiten erhoben, verarbeitet und genutzt. N\u00e4here Informationen \u00fcber die Datenverarbeitung durch Google k\u00f6nnen Sie den Datenschutzhinweisen von Google entnehmen:\u00a0<a href=\"http:\/\/www.google.com\/privacypolicy.html\" target=\"_BLANK\">http:\/\/www.google.com\/privacypolicy.html<\/a>.<\/p><p>Dort k\u00f6nnen Sie im Datenschutzcenter auch Ihre Einstellungen ver\u00e4ndern, so dass Sie Ihre Daten verwalten und sch\u00fctzen k\u00f6nnen.<\/p><h3>Social Media<\/h3><p>Die Inhalte auf unseren Seiten k\u00f6nnen in sozialen Netzwerken wie Facebook, Twitter, Xing, WhatsApp oder Google+ geteilt werden. Auf unseren Seiten sind keine Plugins eingebunden, die durch die sozialen Netzwerke Facebook, Twitter, Xing, WhatsApp oder Google zur Verf\u00fcgung gestellt werden. Eine automatische \u00dcbertragung von Nutzerdaten an die Betreiber dieser Plattformen findet auf unseren Seiten nicht statt.<\/p><p>Unsere Social-Buttons stellen den direkten Kontakt zwischen den Netzwerken und Nutzern erst dann her, wenn der Nutzer aktiv auf einen dieser Button klickt. Ist der Nutzer bei einem der sozialen Netzwerke angemeldet, erscheint bei der Nutzung der Social-Buttons von Facebook, Twitter, Xing, WhatsApp oder Google+ ein Informations-Fenster, in dem der Nutzer den Text vor dem Absenden bearbeiten kann.<\/p><p>Als Nutzer k\u00f6nnen Sie die Inhalte dieser Webseite in sozialen Netzwerken posten, ohne dass komplette Surf-Profile durch die Betreiber der Netzwerke erstellt werden.<\/p><h3>Kontakt\u00adaufnahme \u00fcber unsere Website<\/h3><p>\u00dcber die Kontaktformulare (Terminwunsch, \u00dcberweisungs- oder Rezeptwunsch etc.) auf unserer Website k\u00f6nnen Sie direkt mit uns Kontakt aufnehmen. Wir erheben, verarbeiten, speichern und nutzen die von Ihnen \u00fcber das Formular mitgeteilten Kontaktdaten und Informationen ausschlie\u00dflich f\u00fcr die Bearbeitung Ihres konkreten Anliegens. Eine Weitergabe an Dritte erfolgt ohne Ihre Einwilligung nicht. Rechtsgrundlage der Verarbeitung Ihrer Daten ist Ihre Einwilligung gem\u00e4\u00df Art. 6 Abs. 1 lit. a EU-Datenschutzgrundverordnung (DSGVO). Mit Ihrer Einwilligung in die Verarbeitung erkl\u00e4ren Sie sich auch mit der weiteren Kommunikation mit uns per Email bez\u00fcglich Ihres Anliegens einverstanden.<\/p><h3>L\u00f6schung und Sperrung personenbezogener Daten<\/h3><p>Wir verarbeiten und speichern personenbezogene Daten nur f\u00fcr den Zeitraum, der zur Erreichung des Speicherungszwecks erforderlich ist oder sofern dies durch den Europ\u00e4ischen Richtlinien- und Verordnungsgeber oder einen anderen Gesetzgeber in Gesetzen oder Vorschriften, welchen wir unterliegen, vorgesehen wurde.<\/p><p>Entf\u00e4llt der Speicherungszweck oder l\u00e4uft eine vom Europ\u00e4ischen Richtlinien- und Verordnungsgeber oder einem anderen zust\u00e4ndigen Gesetzgeber vorgeschriebene Speicherfrist ab, werden die personenbezogenen Daten routinem\u00e4\u00dfig und entsprechend den gesetzlichen Vorschriften gesperrt oder gel\u00f6scht.<\/p><h3>Rechte der betroffenen Person<\/h3><p>Sie erhalten jederzeit ohne Angabe von Gr\u00fcnden kostenfreie Auskunft \u00fcber Ihre bei uns gespeicherten Daten. Sie k\u00f6nnen jederzeit Ihre bei uns erhobenen Daten sperren, berichtigen oder l\u00f6schen lassen und der anonymisierten oder pseudonymisierten Datenerhebung und -speicherung zu Optimierungszwecken unserer Internetseite widersprechen.<\/p><p>Auch k\u00f6nnen Sie jederzeit die uns erteilte Einwilligung zur Datenerhebung und Verwendung ohne Angabe von Gr\u00fcnden widerrufen, die Datenverarbeitung bleibt bis zum Zeitpunkt des Widerrufs rechtm\u00e4\u00dfig. Der Widerruf ist an den Verantwortlichen unter dessen o.a. Kontaktdaten zu richten.<\/p><p>Gem\u00e4\u00df Art. 77 DSGVO haben Sie das Recht sich bei einer Aufsichtsbeh\u00f6rde (zum Beispiel bei der Landesbeauftragten f\u00fcr den Datenschutz Niedersachsen) zu beschweren, wenn Sie der Ansicht sind, dass die Verarbeitung Ihrer personenbezogenen Daten rechtswidrig erfolgt.<\/p><h3>Kontaktaufnahme<\/h3><p>Wenn Sie weitere Fragen zur Erhebung, Verarbeitung oder Nutzung Ihrer personenbezogenen Daten haben, kontaktieren Sie uns bitte. Gleiches gilt f\u00fcr Ausk\u00fcnfte, Sperrung, L\u00f6schungs- und Berichtigungsw\u00fcnsche hinsichtlich Ihrer personenbezogenen Daten sowie f\u00fcr Widerrufe erteilter Einwilligungen.<\/p>\t\t\t\t\t\t\t\t<\/div>\n\t\t\t\t<\/div>\n\t\t\t\t\t<\/div>\n\t\t\t\t<\/div>\n\t\t\t\t<\/div>\n\t\t","protected":false},"excerpt":{"rendered":"<p>Datenschutzerkl\u00e4rung Verantwortliche Stelle im Sinne der Datenschutzgesetze, insbesondere der EU-Datenschutzgrundverordnung (DSGVO), ist: Die Verarbeitung personenbezogener Daten, beispielsweise des Namens, der Anschrift, E-Mail-Adresse oder Telefonnummer einer betroffenen Person, erfolgt im Einklang mit den Erfordernissen der Datenschutz-Grundverordnung (DSGVO) und in \u00dcbereinstimmung mit den f\u00fcr uns geltenden landesspezifischen Datenschutzbestimmungen (DSAnpUG-EU \/ BDSG) . Mittels dieser Datenschutzerkl\u00e4rung m\u00f6chten wir [&hellip;]<\/p>\n","protected":false},"author":1,"featured_media":0,"parent":0,"menu_order":100,"comment_status":"closed","ping_status":"closed","template":"","meta":{"footnotes":""},"class_list":["post-23","page","type-page","status-publish","hentry"],"yoast_head":"<!-- This site is optimized with the Yoast SEO plugin v27.3 - https:\/\/yoast.com\/product\/yoast-seo-wordpress\/ -->\n<title>Datenschutz &#8211; Badischer Automobilclub im AvD e.V.<\/title>\n<meta name=\"robots\" content=\"index, nofollow, max-snippet:-1, max-image-preview:large, max-video-preview:-1\" \/>\n<link rel=\"canonical\" href=\"https:\/\/badischer-automobilclub.de\/?page_id=23\" \/>\n<meta property=\"og:locale\" content=\"de_DE\" \/>\n<meta property=\"og:type\" content=\"article\" \/>\n<meta property=\"og:title\" content=\"Datenschutz &#8211; Badischer Automobilclub im AvD e.V.\" \/>\n<meta property=\"og:description\" content=\"Datenschutzerkl\u00e4rung Verantwortliche Stelle im Sinne der Datenschutzgesetze, insbesondere der EU-Datenschutzgrundverordnung (DSGVO), ist: Die Verarbeitung personenbezogener Daten, beispielsweise des Namens, der Anschrift, E-Mail-Adresse oder Telefonnummer einer betroffenen Person, erfolgt im Einklang mit den Erfordernissen der Datenschutz-Grundverordnung (DSGVO) und in \u00dcbereinstimmung mit den f\u00fcr uns geltenden landesspezifischen Datenschutzbestimmungen (DSAnpUG-EU \/ BDSG) . Mittels dieser Datenschutzerkl\u00e4rung m\u00f6chten wir [&hellip;]\" \/>\n<meta property=\"og:url\" content=\"https:\/\/badischer-automobilclub.de\/?page_id=23\" \/>\n<meta property=\"og:site_name\" content=\"Badischer Automobilclub im AvD e.V.\" \/>\n<meta property=\"article:modified_time\" content=\"2025-05-27T07:14:20+00:00\" \/>\n<meta name=\"twitter:card\" content=\"summary_large_image\" \/>\n<meta name=\"twitter:label1\" content=\"Gesch\u00e4tzte Lesezeit\" \/>\n\t<meta name=\"twitter:data1\" content=\"7\u00a0Minuten\" \/>\n<script type=\"application\/ld+json\" class=\"yoast-schema-graph\">{\"@context\":\"https:\\\/\\\/schema.org\",\"@graph\":[{\"@type\":\"WebPage\",\"@id\":\"https:\\\/\\\/badischer-automobilclub.de\\\/?page_id=23\",\"url\":\"https:\\\/\\\/badischer-automobilclub.de\\\/?page_id=23\",\"name\":\"Datenschutz &#8211; Badischer Automobilclub im AvD e.V.\",\"isPartOf\":{\"@id\":\"https:\\\/\\\/badischer-automobilclub.de\\\/#website\"},\"datePublished\":\"2025-03-11T08:29:32+00:00\",\"dateModified\":\"2025-05-27T07:14:20+00:00\",\"breadcrumb\":{\"@id\":\"https:\\\/\\\/badischer-automobilclub.de\\\/?page_id=23#breadcrumb\"},\"inLanguage\":\"de\",\"potentialAction\":[{\"@type\":\"ReadAction\",\"target\":[\"https:\\\/\\\/badischer-automobilclub.de\\\/?page_id=23\"]}]},{\"@type\":\"BreadcrumbList\",\"@id\":\"https:\\\/\\\/badischer-automobilclub.de\\\/?page_id=23#breadcrumb\",\"itemListElement\":[{\"@type\":\"ListItem\",\"position\":1,\"name\":\"Startseite\",\"item\":\"https:\\\/\\\/badischer-automobilclub.de\\\/\"},{\"@type\":\"ListItem\",\"position\":2,\"name\":\"Datenschutz\"}]},{\"@type\":\"WebSite\",\"@id\":\"https:\\\/\\\/badischer-automobilclub.de\\\/#website\",\"url\":\"https:\\\/\\\/badischer-automobilclub.de\\\/\",\"name\":\"Badischer Automobilclub im AvD e.V.\",\"description\":\"in Karlsruhe und Umgebung\",\"publisher\":{\"@id\":\"https:\\\/\\\/badischer-automobilclub.de\\\/#organization\"},\"alternateName\":\"Badischer Automobilclub\",\"potentialAction\":[{\"@type\":\"SearchAction\",\"target\":{\"@type\":\"EntryPoint\",\"urlTemplate\":\"https:\\\/\\\/badischer-automobilclub.de\\\/?s={search_term_string}\"},\"query-input\":{\"@type\":\"PropertyValueSpecification\",\"valueRequired\":true,\"valueName\":\"search_term_string\"}}],\"inLanguage\":\"de\"},{\"@type\":\"Organization\",\"@id\":\"https:\\\/\\\/badischer-automobilclub.de\\\/#organization\",\"name\":\"Badischer Automobilclub im AvD e.V.\",\"alternateName\":\"Badischer Automobilclub\",\"url\":\"https:\\\/\\\/badischer-automobilclub.de\\\/\",\"logo\":{\"@type\":\"ImageObject\",\"inLanguage\":\"de\",\"@id\":\"https:\\\/\\\/badischer-automobilclub.de\\\/#\\\/schema\\\/logo\\\/image\\\/\",\"url\":\"https:\\\/\\\/badischer-automobilclub.de\\\/wp-content\\\/uploads\\\/2025\\\/03\\\/BAC-RGB.svg\",\"contentUrl\":\"https:\\\/\\\/badischer-automobilclub.de\\\/wp-content\\\/uploads\\\/2025\\\/03\\\/BAC-RGB.svg\",\"width\":264,\"height\":263,\"caption\":\"Badischer Automobilclub im AvD e.V.\"},\"image\":{\"@id\":\"https:\\\/\\\/badischer-automobilclub.de\\\/#\\\/schema\\\/logo\\\/image\\\/\"}}]}<\/script>\n<!-- \/ Yoast SEO plugin. -->","yoast_head_json":{"title":"Datenschutz &#8211; Badischer Automobilclub im AvD e.V.","robots":{"index":"index","follow":"nofollow","max-snippet":"max-snippet:-1","max-image-preview":"max-image-preview:large","max-video-preview":"max-video-preview:-1"},"canonical":"https:\/\/badischer-automobilclub.de\/?page_id=23","og_locale":"de_DE","og_type":"article","og_title":"Datenschutz &#8211; Badischer Automobilclub im AvD e.V.","og_description":"Datenschutzerkl\u00e4rung Verantwortliche Stelle im Sinne der Datenschutzgesetze, insbesondere der EU-Datenschutzgrundverordnung (DSGVO), ist: Die Verarbeitung personenbezogener Daten, beispielsweise des Namens, der Anschrift, E-Mail-Adresse oder Telefonnummer einer betroffenen Person, erfolgt im Einklang mit den Erfordernissen der Datenschutz-Grundverordnung (DSGVO) und in \u00dcbereinstimmung mit den f\u00fcr uns geltenden landesspezifischen Datenschutzbestimmungen (DSAnpUG-EU \/ BDSG) . Mittels dieser Datenschutzerkl\u00e4rung m\u00f6chten wir [&hellip;]","og_url":"https:\/\/badischer-automobilclub.de\/?page_id=23","og_site_name":"Badischer Automobilclub im AvD e.V.","article_modified_time":"2025-05-27T07:14:20+00:00","twitter_card":"summary_large_image","twitter_misc":{"Gesch\u00e4tzte Lesezeit":"7\u00a0Minuten"},"schema":{"@context":"https:\/\/schema.org","@graph":[{"@type":"WebPage","@id":"https:\/\/badischer-automobilclub.de\/?page_id=23","url":"https:\/\/badischer-automobilclub.de\/?page_id=23","name":"Datenschutz &#8211; Badischer Automobilclub im AvD e.V.","isPartOf":{"@id":"https:\/\/badischer-automobilclub.de\/#website"},"datePublished":"2025-03-11T08:29:32+00:00","dateModified":"2025-05-27T07:14:20+00:00","breadcrumb":{"@id":"https:\/\/badischer-automobilclub.de\/?page_id=23#breadcrumb"},"inLanguage":"de","potentialAction":[{"@type":"ReadAction","target":["https:\/\/badischer-automobilclub.de\/?page_id=23"]}]},{"@type":"BreadcrumbList","@id":"https:\/\/badischer-automobilclub.de\/?page_id=23#breadcrumb","itemListElement":[{"@type":"ListItem","position":1,"name":"Startseite","item":"https:\/\/badischer-automobilclub.de\/"},{"@type":"ListItem","position":2,"name":"Datenschutz"}]},{"@type":"WebSite","@id":"https:\/\/badischer-automobilclub.de\/#website","url":"https:\/\/badischer-automobilclub.de\/","name":"Badischer Automobilclub im AvD e.V.","description":"in Karlsruhe und Umgebung","publisher":{"@id":"https:\/\/badischer-automobilclub.de\/#organization"},"alternateName":"Badischer Automobilclub","potentialAction":[{"@type":"SearchAction","target":{"@type":"EntryPoint","urlTemplate":"https:\/\/badischer-automobilclub.de\/?s={search_term_string}"},"query-input":{"@type":"PropertyValueSpecification","valueRequired":true,"valueName":"search_term_string"}}],"inLanguage":"de"},{"@type":"Organization","@id":"https:\/\/badischer-automobilclub.de\/#organization","name":"Badischer Automobilclub im AvD e.V.","alternateName":"Badischer Automobilclub","url":"https:\/\/badischer-automobilclub.de\/","logo":{"@type":"ImageObject","inLanguage":"de","@id":"https:\/\/badischer-automobilclub.de\/#\/schema\/logo\/image\/","url":"https:\/\/badischer-automobilclub.de\/wp-content\/uploads\/2025\/03\/BAC-RGB.svg","contentUrl":"https:\/\/badischer-automobilclub.de\/wp-content\/uploads\/2025\/03\/BAC-RGB.svg","width":264,"height":263,"caption":"Badischer Automobilclub im AvD e.V."},"image":{"@id":"https:\/\/badischer-automobilclub.de\/#\/schema\/logo\/image\/"}}]}},"_links":{"self":[{"href":"https:\/\/badischer-automobilclub.de\/index.php?rest_route=\/wp\/v2\/pages\/23","targetHints":{"allow":["GET"]}}],"collection":[{"href":"https:\/\/badischer-automobilclub.de\/index.php?rest_route=\/wp\/v2\/pages"}],"about":[{"href":"https:\/\/badischer-automobilclub.de\/index.php?rest_route=\/wp\/v2\/types\/page"}],"author":[{"embeddable":true,"href":"https:\/\/badischer-automobilclub.de\/index.php?rest_route=\/wp\/v2\/users\/1"}],"replies":[{"embeddable":true,"href":"https:\/\/badischer-automobilclub.de\/index.php?rest_route=%2Fwp%2Fv2%2Fcomments&post=23"}],"version-history":[{"count":22,"href":"https:\/\/badischer-automobilclub.de\/index.php?rest_route=\/wp\/v2\/pages\/23\/revisions"}],"predecessor-version":[{"id":432,"href":"https:\/\/badischer-automobilclub.de\/index.php?rest_route=\/wp\/v2\/pages\/23\/revisions\/432"}],"wp:attachment":[{"href":"https:\/\/badischer-automobilclub.de\/index.php?rest_route=%2Fwp%2Fv2%2Fmedia&parent=23"}],"curies":[{"name":"wp","href":"https:\/\/api.w.org\/{rel}","templated":true}]}}